{"id":4795,"date":"2023-07-03T09:34:02","date_gmt":"2023-07-03T09:34:02","guid":{"rendered":"https:\/\/www.socialscienceinaction.org\/?page_id=4795"},"modified":"2023-07-03T09:34:02","modified_gmt":"2023-07-03T09:34:02","slug":"%d9%85%d8%ad%d9%88%d8%b1-%d8%b5%d8%a8-lafrique-%d8%af%d9%8a-louest","status":"publish","type":"page","link":"https:\/\/www.socialscienceinaction.org\/ar\/hub-pour-lafrique-de-louest\/","title":{"rendered":"\u0645\u062d\u0648\u0631 \u0623\u0641\u0631\u064a\u0642\u064a\u0627 \u0627\u0644\u063a\u0631\u0628\u064a\u0629"},"content":{"rendered":"<p>\u064a\u062c\u0645\u0639 \u0645\u0631\u0643\u0632 \u063a\u0631\u0628 \u0623\u0641\u0631\u064a\u0642\u064a\u0627 \u0627\u0644\u0628\u0627\u062d\u062b\u064a\u0646 \u0648\u0627\u0644\u0645\u062a\u062f\u062e\u0644\u064a\u0646 \u0627\u0644\u0625\u0646\u0633\u0627\u0646\u064a\u064a\u0646 \u0648\u0627\u0644\u0645\u0647\u0646\u064a\u064a\u0646 \u0641\u064a \u0645\u062c\u0627\u0644 \u0627\u0644\u0635\u062d\u0629 \u0627\u0644\u0639\u0627\u0645\u0629 \u0627\u0644\u0630\u064a\u0646 \u064a\u062a\u0648\u0627\u062c\u062f\u0648\u0646 \u0628\u0634\u0643\u0644 \u0623\u0633\u0627\u0633\u064a \u0641\u064a \u0646\u064a\u062c\u064a\u0631\u064a\u0627 \u0648\u0627\u0644\u0633\u0646\u063a\u0627\u0644 \u0648\u0633\u064a\u0631\u0627\u0644\u064a\u0648\u0646 \u0644\u062f\u0631\u0627\u0633\u0629 \u0623\u0644\u0639\u0627\u0628 \u0627\u0644\u0633\u064a\u0627\u0633\u0629 \u0627\u0644\u0627\u062c\u062a\u0645\u0627\u0639\u064a\u0629 \u0648\u0627\u0644\u062a\u0627\u0631\u064a\u062e\u064a\u0629 \u0627\u0644\u062a\u064a \u062a\u0642\u0639 \u0641\u064a \u0638\u0644 \u0627\u0644\u0623\u0632\u0645\u0627\u062a. \u0627\u0644\u0647\u062f\u0641 \u0647\u0648 \u062a\u0639\u0632\u064a\u0632 \u0627\u0644\u0628\u0631\u0627\u0645\u062c \u0627\u0644\u0648\u0637\u0646\u064a\u0629 \u0648\u0627\u0644\u0625\u0646\u0633\u0627\u0646\u064a\u0629 \u0627\u0644\u0631\u0627\u0645\u064a\u0629 \u0625\u0644\u0649 \u0627\u0644\u0648\u0635\u0648\u0644 \u0625\u0644\u0649 \u0627\u0644\u0641\u0626\u0627\u062a \u0627\u0644\u0636\u0639\u064a\u0641\u0629. \u062a\u062a\u0645\u062d\u0648\u0631 \u0623\u0639\u0645\u0627\u0644\u0646\u0627 \u062d\u0648\u0644 \u0627\u0644\u0623\u0632\u0645\u0627\u062a \u0627\u0644\u062d\u0627\u0644\u064a\u0629 \u0648\u0627\u0644\u0637\u0648\u064a\u0644\u0629 \u0627\u0644\u0623\u0645\u062f \u0644\u0644\u0646\u0632\u0627\u0639\u0627\u062a\u060c \u0648\u0627\u0644\u0646\u0632\u0648\u062d \u0627\u0644\u0642\u0633\u0631\u064a\u060c \u0648\u0627\u0646\u0639\u062f\u0627\u0645 \u0627\u0644\u0623\u0645\u0646 \u0627\u0644\u063a\u0630\u0627\u0626\u064a\u060c \u0648\u0637\u0631\u0642 \u0627\u0644\u0639\u064a\u0634\u060c \u0648\u0627\u0644\u0628\u064a\u0626\u0629\u060c \u0648\u0627\u0644\u0635\u062d\u0629\u060c \u0648\u0627\u0644\u0623\u0648\u0628\u0626\u0629 \u0627\u0644\u0645\u0634\u062a\u0639\u0644\u0629.<\/p>","protected":false},"excerpt":{"rendered":"<p>\u064a\u062c\u0645\u0639 \u0645\u0631\u0643\u0632 \u063a\u0631\u0628 \u0623\u0641\u0631\u064a\u0642\u064a\u0627 \u0627\u0644\u0628\u0627\u062d\u062b\u064a\u0646 \u0648\u0627\u0644\u0645\u062a\u062f\u062e\u0644\u064a\u0646 \u0627\u0644\u0625\u0646\u0633\u0627\u0646\u064a\u064a\u0646 \u0648\u0627\u0644\u0645\u0647\u0646\u064a\u064a\u0646 \u0641\u064a \u0645\u062c\u0627\u0644 \u0627\u0644\u0635\u062d\u0629 \u0627\u0644\u0639\u0627\u0645\u0629 \u0627\u0644\u0630\u064a\u0646 \u064a\u062a\u0648\u0627\u062c\u062f\u0648\u0646 \u0628\u0634\u0643\u0644 \u0623\u0633\u0627\u0633\u064a \u0641\u064a \u0646\u064a\u062c\u064a\u0631\u064a\u0627 \u0648\u0627\u0644\u0633\u0646\u063a\u0627\u0644 \u0648\u0633\u064a\u0631\u0627\u0644\u064a\u0648\u0646 \u0644\u062f\u0631\u0627\u0633\u0629 \u0623\u0644\u0639\u0627\u0628 \u0627\u0644\u0633\u064a\u0627\u0633\u0629 \u0627\u0644\u0627\u062c\u062a\u0645\u0627\u0639\u064a\u0629 \u0648\u0627\u0644\u062a\u0627\u0631\u064a\u062e\u064a\u0629 \u0627\u0644\u062a\u064a \u062a\u0642\u0639 \u0641\u064a \u0638\u0644 \u0627\u0644\u0623\u0632\u0645\u0627\u062a. \u0627\u0644\u0647\u062f\u0641 \u0647\u0648 \u062a\u0639\u0632\u064a\u0632 \u0627\u0644\u0628\u0631\u0627\u0645\u062c \u0627\u0644\u0648\u0637\u0646\u064a\u0629 \u0648\u0627\u0644\u0625\u0646\u0633\u0627\u0646\u064a\u0629 \u0627\u0644\u0631\u0627\u0645\u064a\u0629 \u0625\u0644\u0649 \u0627\u0644\u0648\u0635\u0648\u0644 \u0625\u0644\u0649 \u0627\u0644\u0641\u0626\u0627\u062a \u0627\u0644\u0636\u0639\u064a\u0641\u0629. \u062a\u062a\u0645\u062d\u0648\u0631 \u0623\u0639\u0645\u0627\u0644\u0646\u0627 \u062d\u0648\u0644 \u0627\u0644\u0623\u0632\u0645\u0627\u062a \u0627\u0644\u062d\u0627\u0644\u064a\u0629 \u0648\u0627\u0644\u0637\u0648\u064a\u0644\u0629 \u0627\u0644\u0623\u0645\u062f \u0644\u0644\u0646\u0632\u0627\u0639\u0627\u062a\u060c \u0648\u0627\u0644\u0646\u0632\u0648\u062d \u0627\u0644\u0642\u0633\u0631\u064a\u060c \u0648\u0627\u0646\u0639\u062f\u0627\u0645 \u0627\u0644\u0623\u0645\u0646 \u0627\u0644\u063a\u0630\u0627\u0626\u064a\u060c \u0648\u0637\u0631\u0642 \u0627\u0644\u0639\u064a\u0634\u060c \u0648\u0627\u0644\u0628\u064a\u0626\u0629\u060c \u0648\u0627\u0644\u0635\u062d\u0629\u060c \u0648\u0627\u0644\u0623\u0648\u0628\u0626\u0629 \u0627\u0644\u0645\u0634\u062a\u0639\u0644\u0629.<\/p>","protected":false},"author":1,"featured_media":0,"parent":0,"menu_order":0,"comment_status":"closed","ping_status":"closed","template":"hub-translation-template.php","meta":{"_acf_changed":false,"footnotes":""},"class_list":["post-4795","page","type-page","status-publish","hentry"],"acf":[],"yoast_head":"<!-- This site is optimized with the Yoast SEO plugin v27.2 - https:\/\/yoast.com\/product\/yoast-seo-wordpress\/ -->\n<title>Hub pour l\u2019Afrique de l\u2019Ouest - Social Science in Humanitarian Action Platform<\/title>\n<meta name=\"robots\" content=\"index, follow, max-snippet:-1, max-image-preview:large, max-video-preview:-1\" \/>\n<link rel=\"canonical\" href=\"https:\/\/www.socialscienceinaction.org\/ar\/\u0645\u062d\u0648\u0631-\u0635\u0628-lafrique-\u062f\u064a-louest\/\" \/>\n<meta property=\"og:locale\" content=\"ar_AR\" \/>\n<meta property=\"og:type\" content=\"article\" \/>\n<meta property=\"og:title\" content=\"Hub pour l\u2019Afrique de l\u2019Ouest - Social Science in Humanitarian Action Platform\" \/>\n<meta property=\"og:description\" content=\"Le hub pour l\u2019Afrique de l\u2019Ouest rassemble des chercheurs, des intervenants humanitaires et des professionnels de la sant\u00e9 publique qui \u0153uvrent principalement au Nigeria, au S\u00e9n\u00e9gal et en Sierra Leone afin d\u2019\u00e9tudier les enjeux sociopolitiques et historiques li\u00e9s aux crises. L\u2019objectif est de renforcer les programmes nationaux et humanitaires visant \u00e0 atteindre les groupes vuln\u00e9rables. Nos travaux sont ax\u00e9s sur les crises actuelles et de longue dur\u00e9e li\u00e9es aux conflits, aux d\u00e9placements forc\u00e9s, \u00e0 l\u2019ins\u00e9curit\u00e9 alimentaire, aux moyens de subsistance, \u00e0 l\u2019environnement, \u00e0 la sant\u00e9 et aux flamb\u00e9es \u00e9pid\u00e9miques.\" \/>\n<meta property=\"og:url\" content=\"https:\/\/www.socialscienceinaction.org\/ar\/\u0645\u062d\u0648\u0631-\u0635\u0628-lafrique-\u062f\u064a-louest\/\" \/>\n<meta property=\"og:site_name\" content=\"Social Science in Humanitarian Action Platform\" \/>\n<meta name=\"twitter:card\" content=\"summary_large_image\" \/>\n<meta name=\"twitter:site\" content=\"@SSHAP_action\" \/>\n<meta name=\"twitter:label1\" content=\"\u0648\u0642\u062a \u0627\u0644\u0642\u0631\u0627\u0621\u0629 \u0627\u0644\u0645\u064f\u0642\u062f\u0651\u0631\" \/>\n\t<meta name=\"twitter:data1\" content=\"\u062f\u0642\u064a\u0642\u0629 \u0648\u0627\u062d\u062f\u0629\" \/>\n<script type=\"application\/ld+json\" class=\"yoast-schema-graph\">{\"@context\":\"https:\/\/schema.org\",\"@graph\":[{\"@type\":\"WebPage\",\"@id\":\"https:\/\/www.socialscienceinaction.org\/hub-pour-lafrique-de-louest\/\",\"url\":\"https:\/\/www.socialscienceinaction.org\/hub-pour-lafrique-de-louest\/\",\"name\":\"Hub pour l\u2019Afrique de l\u2019Ouest - Social Science in Humanitarian Action Platform\",\"isPartOf\":{\"@id\":\"https:\/\/www.socialscienceinaction.org\/#website\"},\"datePublished\":\"2023-07-03T09:34:02+00:00\",\"breadcrumb\":{\"@id\":\"https:\/\/www.socialscienceinaction.org\/hub-pour-lafrique-de-louest\/#breadcrumb\"},\"inLanguage\":\"ar\",\"potentialAction\":[{\"@type\":\"ReadAction\",\"target\":[\"https:\/\/www.socialscienceinaction.org\/hub-pour-lafrique-de-louest\/\"]}]},{\"@type\":\"BreadcrumbList\",\"@id\":\"https:\/\/www.socialscienceinaction.org\/hub-pour-lafrique-de-louest\/#breadcrumb\",\"itemListElement\":[{\"@type\":\"ListItem\",\"position\":1,\"name\":\"Home\",\"item\":\"https:\/\/www.socialscienceinaction.org\/\"},{\"@type\":\"ListItem\",\"position\":2,\"name\":\"Hub pour l\u2019Afrique de l\u2019Ouest\"}]},{\"@type\":\"WebSite\",\"@id\":\"https:\/\/www.socialscienceinaction.org\/#website\",\"url\":\"https:\/\/www.socialscienceinaction.org\/\",\"name\":\"Social Science in Humanitarian Action Platform\",\"description\":\"A Communication for Development Platform\",\"publisher\":{\"@id\":\"https:\/\/www.socialscienceinaction.org\/#organization\"},\"potentialAction\":[{\"@type\":\"SearchAction\",\"target\":{\"@type\":\"EntryPoint\",\"urlTemplate\":\"https:\/\/www.socialscienceinaction.org\/?s={search_term_string}\"},\"query-input\":{\"@type\":\"PropertyValueSpecification\",\"valueRequired\":true,\"valueName\":\"search_term_string\"}}],\"inLanguage\":\"ar\"},{\"@type\":\"Organization\",\"@id\":\"https:\/\/www.socialscienceinaction.org\/#organization\",\"name\":\"Social Science in Humanitarian Action Platform\",\"url\":\"https:\/\/www.socialscienceinaction.org\/\",\"logo\":{\"@type\":\"ImageObject\",\"inLanguage\":\"ar\",\"@id\":\"https:\/\/www.socialscienceinaction.org\/#\/schema\/logo\/image\/\",\"url\":\"https:\/\/www.socialscienceinaction.org\/wp-content\/uploads\/2020\/06\/SSHAP-logo-dark-stacked@3x.png\",\"contentUrl\":\"https:\/\/www.socialscienceinaction.org\/wp-content\/uploads\/2020\/06\/SSHAP-logo-dark-stacked@3x.png\",\"width\":204,\"height\":74,\"caption\":\"Social Science in Humanitarian Action Platform\"},\"image\":{\"@id\":\"https:\/\/www.socialscienceinaction.org\/#\/schema\/logo\/image\/\"},\"sameAs\":[\"https:\/\/x.com\/SSHAP_action\"]}]}<\/script>\n<!-- \/ Yoast SEO plugin. -->","yoast_head_json":{"title":"Hub pour l&#039;Afrique de l&#039;Ouest - \u0645\u0646\u0635\u0629 \u0627\u0644\u0639\u0644\u0648\u0645 \u0627\u0644\u0627\u062c\u062a\u0645\u0627\u0639\u064a\u0629 \u0641\u064a \u0627\u0644\u0639\u0645\u0644 \u0627\u0644\u0625\u0646\u0633\u0627\u0646\u064a","robots":{"index":"index","follow":"follow","max-snippet":"max-snippet:-1","max-image-preview":"max-image-preview:large","max-video-preview":"max-video-preview:-1"},"canonical":"https:\/\/www.socialscienceinaction.org\/ar\/\u0645\u062d\u0648\u0631-\u0635\u0628-lafrique-\u062f\u064a-louest\/","og_locale":"ar_AR","og_type":"article","og_title":"Hub pour l\u2019Afrique de l\u2019Ouest - Social Science in Humanitarian Action Platform","og_description":"Le hub pour l\u2019Afrique de l\u2019Ouest rassemble des chercheurs, des intervenants humanitaires et des professionnels de la sant\u00e9 publique qui \u0153uvrent principalement au Nigeria, au S\u00e9n\u00e9gal et en Sierra Leone afin d\u2019\u00e9tudier les enjeux sociopolitiques et historiques li\u00e9s aux crises. L\u2019objectif est de renforcer les programmes nationaux et humanitaires visant \u00e0 atteindre les groupes vuln\u00e9rables. Nos travaux sont ax\u00e9s sur les crises actuelles et de longue dur\u00e9e li\u00e9es aux conflits, aux d\u00e9placements forc\u00e9s, \u00e0 l\u2019ins\u00e9curit\u00e9 alimentaire, aux moyens de subsistance, \u00e0 l\u2019environnement, \u00e0 la sant\u00e9 et aux flamb\u00e9es \u00e9pid\u00e9miques.","og_url":"https:\/\/www.socialscienceinaction.org\/ar\/\u0645\u062d\u0648\u0631-\u0635\u0628-lafrique-\u062f\u064a-louest\/","og_site_name":"Social Science in Humanitarian Action Platform","twitter_card":"summary_large_image","twitter_site":"@SSHAP_action","twitter_misc":{"\u0648\u0642\u062a \u0627\u0644\u0642\u0631\u0627\u0621\u0629 \u0627\u0644\u0645\u064f\u0642\u062f\u0651\u0631":"\u062f\u0642\u064a\u0642\u0629 \u0648\u0627\u062d\u062f\u0629"},"schema":{"@context":"https:\/\/schema.org","@graph":[{"@type":"WebPage","@id":"https:\/\/www.socialscienceinaction.org\/hub-pour-lafrique-de-louest\/","url":"https:\/\/www.socialscienceinaction.org\/hub-pour-lafrique-de-louest\/","name":"Hub pour l&#039;Afrique de l&#039;Ouest - \u0645\u0646\u0635\u0629 \u0627\u0644\u0639\u0644\u0648\u0645 \u0627\u0644\u0627\u062c\u062a\u0645\u0627\u0639\u064a\u0629 \u0641\u064a \u0627\u0644\u0639\u0645\u0644 \u0627\u0644\u0625\u0646\u0633\u0627\u0646\u064a","isPartOf":{"@id":"https:\/\/www.socialscienceinaction.org\/#website"},"datePublished":"2023-07-03T09:34:02+00:00","breadcrumb":{"@id":"https:\/\/www.socialscienceinaction.org\/hub-pour-lafrique-de-louest\/#breadcrumb"},"inLanguage":"ar","potentialAction":[{"@type":"ReadAction","target":["https:\/\/www.socialscienceinaction.org\/hub-pour-lafrique-de-louest\/"]}]},{"@type":"BreadcrumbList","@id":"https:\/\/www.socialscienceinaction.org\/hub-pour-lafrique-de-louest\/#breadcrumb","itemListElement":[{"@type":"ListItem","position":1,"name":"Home","item":"https:\/\/www.socialscienceinaction.org\/"},{"@type":"ListItem","position":2,"name":"Hub pour l\u2019Afrique de l\u2019Ouest"}]},{"@type":"WebSite","@id":"https:\/\/www.socialscienceinaction.org\/#website","url":"https:\/\/www.socialscienceinaction.org\/","name":"\u0645\u0646\u0635\u0629 \u0627\u0644\u0639\u0644\u0648\u0645 \u0627\u0644\u0627\u062c\u062a\u0645\u0627\u0639\u064a\u0629 \u0641\u064a \u0627\u0644\u0639\u0645\u0644 \u0627\u0644\u0625\u0646\u0633\u0627\u0646\u064a","description":"\u0645\u0646\u0635\u0629 \u0627\u0644\u062a\u0648\u0627\u0635\u0644 \u0645\u0646 \u0623\u062c\u0644 \u0627\u0644\u062a\u0646\u0645\u064a\u0629","publisher":{"@id":"https:\/\/www.socialscienceinaction.org\/#organization"},"potentialAction":[{"@type":"SearchAction","target":{"@type":"EntryPoint","urlTemplate":"https:\/\/www.socialscienceinaction.org\/?s={search_term_string}"},"query-input":{"@type":"PropertyValueSpecification","valueRequired":true,"valueName":"search_term_string"}}],"inLanguage":"ar"},{"@type":"Organization","@id":"https:\/\/www.socialscienceinaction.org\/#organization","name":"\u0645\u0646\u0635\u0629 \u0627\u0644\u0639\u0644\u0648\u0645 \u0627\u0644\u0627\u062c\u062a\u0645\u0627\u0639\u064a\u0629 \u0641\u064a \u0627\u0644\u0639\u0645\u0644 \u0627\u0644\u0625\u0646\u0633\u0627\u0646\u064a","url":"https:\/\/www.socialscienceinaction.org\/","logo":{"@type":"ImageObject","inLanguage":"ar","@id":"https:\/\/www.socialscienceinaction.org\/#\/schema\/logo\/image\/","url":"https:\/\/www.socialscienceinaction.org\/wp-content\/uploads\/2020\/06\/SSHAP-logo-dark-stacked@3x.png","contentUrl":"https:\/\/www.socialscienceinaction.org\/wp-content\/uploads\/2020\/06\/SSHAP-logo-dark-stacked@3x.png","width":204,"height":74,"caption":"Social Science in Humanitarian Action Platform"},"image":{"@id":"https:\/\/www.socialscienceinaction.org\/#\/schema\/logo\/image\/"},"sameAs":["https:\/\/x.com\/SSHAP_action"]}]}},"_links":{"self":[{"href":"https:\/\/www.socialscienceinaction.org\/ar\/wp-json\/wp\/v2\/pages\/4795","targetHints":{"allow":["GET"]}}],"collection":[{"href":"https:\/\/www.socialscienceinaction.org\/ar\/wp-json\/wp\/v2\/pages"}],"about":[{"href":"https:\/\/www.socialscienceinaction.org\/ar\/wp-json\/wp\/v2\/types\/page"}],"author":[{"embeddable":true,"href":"https:\/\/www.socialscienceinaction.org\/ar\/wp-json\/wp\/v2\/users\/1"}],"replies":[{"embeddable":true,"href":"https:\/\/www.socialscienceinaction.org\/ar\/wp-json\/wp\/v2\/comments?post=4795"}],"version-history":[{"count":0,"href":"https:\/\/www.socialscienceinaction.org\/ar\/wp-json\/wp\/v2\/pages\/4795\/revisions"}],"wp:attachment":[{"href":"https:\/\/www.socialscienceinaction.org\/ar\/wp-json\/wp\/v2\/media?parent=4795"}],"curies":[{"name":"\u0648\u0648\u0631\u062f\u0628\u0631\u064a\u0633","href":"https:\/\/api.w.org\/{rel}","templated":true}]}}