{"id":2873,"date":"2020-06-10T12:59:22","date_gmt":"2020-06-10T12:59:22","guid":{"rendered":"http:\/\/www.socialscienceinaction.org\/?page_id=2873"},"modified":"2020-09-10T13:17:41","modified_gmt":"2020-09-10T13:17:41","slug":"cours-de-sciences-sociales","status":"publish","type":"page","link":"https:\/\/www.socialscienceinaction.org\/fr\/about\/social-science-lessons\/","title":{"rendered":"Sciences sociales et \u00e9pid\u00e9mies"},"content":{"rendered":"<p>Consid\u00e9rations sur les \u00e9pid\u00e9mies pr\u00e9c\u00e9dentes d&#039;Ebola, de chol\u00e9ra, de fi\u00e8vre de la vall\u00e9e du Rift, de grippe et de SRAS.<!--more--><\/p>\n<p>Cette collection rassemble des rapports, des \u00e9tudes de cas et des outils de la s\u00e9rie \u00ab Social Science in Epidemics \u00bb. Dans cette s\u00e9rie, diff\u00e9rents aspects des \u00e9pid\u00e9mies pass\u00e9es sont examin\u00e9s afin d&#039;identifier les \u00ab points d&#039;entr\u00e9e \u00bb en sciences sociales pour les interventions d&#039;urgence et les activit\u00e9s de pr\u00e9paration.<\/p>\n<p>Les \u00e9tudes de cas compilent des exemples r\u00e9ussis d\u2019int\u00e9gration des connaissances en sciences sociales dans les r\u00e9ponses op\u00e9rationnelles.<\/p>\n<p>La collection comprend \u00e9galement une s\u00e9rie d&#039;outils qui permettent aux sp\u00e9cialistes des sciences sociales et aux praticiens d&#039;identifier les principales consid\u00e9rations d&#039;un point de vue des sciences sociales lors de la conception ou de la mise en \u0153uvre d&#039;activit\u00e9s de r\u00e9ponse \u00e0 une \u00e9pid\u00e9mie dans un contexte particulier.<\/p>","protected":false},"excerpt":{"rendered":"<p>Consid\u00e9rations sur les \u00e9pid\u00e9mies pr\u00e9c\u00e9dentes d&#039;Ebola, de chol\u00e9ra, de fi\u00e8vre de la vall\u00e9e du Rift, de grippe et de SRAS.<\/p>","protected":false},"author":1,"featured_media":0,"parent":4,"menu_order":1,"comment_status":"closed","ping_status":"closed","template":"","meta":{"_acf_changed":false,"footnotes":""},"class_list":["post-2873","page","type-page","status-publish","hentry","cta-sign-up-newsletter"],"acf":[],"yoast_head":"<!-- This site is optimized with the Yoast SEO plugin v27.5 - https:\/\/yoast.com\/product\/yoast-seo-wordpress\/ -->\n<title>Social Science and Epidemics - Social Science in Humanitarian Action Platform<\/title>\n<meta name=\"robots\" content=\"index, follow, max-snippet:-1, max-image-preview:large, max-video-preview:-1\" \/>\n<link rel=\"canonical\" href=\"https:\/\/www.socialscienceinaction.org\/fr\/a-propos\/cours-de-sciences-sociales\/\" \/>\n<meta property=\"og:locale\" content=\"fr_FR\" \/>\n<meta property=\"og:type\" content=\"article\" \/>\n<meta property=\"og:title\" content=\"Social Science and Epidemics - Social Science in Humanitarian Action Platform\" \/>\n<meta property=\"og:description\" content=\"Considerations from previous outbreaks of Ebola, Cholera, Rift Valley Fever, Influenza and SARS.\" \/>\n<meta property=\"og:url\" content=\"https:\/\/www.socialscienceinaction.org\/fr\/a-propos\/cours-de-sciences-sociales\/\" \/>\n<meta property=\"og:site_name\" content=\"Social Science in Humanitarian Action Platform\" \/>\n<meta property=\"article:modified_time\" content=\"2020-09-10T13:17:41+00:00\" \/>\n<meta name=\"twitter:card\" content=\"summary_large_image\" \/>\n<meta name=\"twitter:site\" content=\"@SSHAP_action\" \/>\n<meta name=\"twitter:label1\" content=\"Dur\u00e9e de lecture estim\u00e9e\" \/>\n\t<meta name=\"twitter:data1\" content=\"1 minute\" \/>\n<script type=\"application\/ld+json\" class=\"yoast-schema-graph\">{\"@context\":\"https:\\\/\\\/schema.org\",\"@graph\":[{\"@type\":\"WebPage\",\"@id\":\"https:\\\/\\\/www.socialscienceinaction.org\\\/about\\\/social-science-lessons\\\/\",\"url\":\"https:\\\/\\\/www.socialscienceinaction.org\\\/about\\\/social-science-lessons\\\/\",\"name\":\"Social Science and Epidemics - Social Science in Humanitarian Action Platform\",\"isPartOf\":{\"@id\":\"https:\\\/\\\/www.socialscienceinaction.org\\\/#website\"},\"datePublished\":\"2020-06-10T12:59:22+00:00\",\"dateModified\":\"2020-09-10T13:17:41+00:00\",\"breadcrumb\":{\"@id\":\"https:\\\/\\\/www.socialscienceinaction.org\\\/about\\\/social-science-lessons\\\/#breadcrumb\"},\"inLanguage\":\"fr-FR\",\"potentialAction\":[{\"@type\":\"ReadAction\",\"target\":[\"https:\\\/\\\/www.socialscienceinaction.org\\\/about\\\/social-science-lessons\\\/\"]}]},{\"@type\":\"BreadcrumbList\",\"@id\":\"https:\\\/\\\/www.socialscienceinaction.org\\\/about\\\/social-science-lessons\\\/#breadcrumb\",\"itemListElement\":[{\"@type\":\"ListItem\",\"position\":1,\"name\":\"Home\",\"item\":\"https:\\\/\\\/www.socialscienceinaction.org\\\/\"},{\"@type\":\"ListItem\",\"position\":2,\"name\":\"About\",\"item\":\"https:\\\/\\\/www.socialscienceinaction.org\\\/about\\\/\"},{\"@type\":\"ListItem\",\"position\":3,\"name\":\"Social Science and Epidemics\"}]},{\"@type\":\"WebSite\",\"@id\":\"https:\\\/\\\/www.socialscienceinaction.org\\\/#website\",\"url\":\"https:\\\/\\\/www.socialscienceinaction.org\\\/\",\"name\":\"Social Science in Humanitarian Action Platform\",\"description\":\"A Communication for Development Platform\",\"publisher\":{\"@id\":\"https:\\\/\\\/www.socialscienceinaction.org\\\/#organization\"},\"potentialAction\":[{\"@type\":\"SearchAction\",\"target\":{\"@type\":\"EntryPoint\",\"urlTemplate\":\"https:\\\/\\\/www.socialscienceinaction.org\\\/?s={search_term_string}\"},\"query-input\":{\"@type\":\"PropertyValueSpecification\",\"valueRequired\":true,\"valueName\":\"search_term_string\"}}],\"inLanguage\":\"fr-FR\"},{\"@type\":\"Organization\",\"@id\":\"https:\\\/\\\/www.socialscienceinaction.org\\\/#organization\",\"name\":\"Social Science in Humanitarian Action Platform\",\"url\":\"https:\\\/\\\/www.socialscienceinaction.org\\\/\",\"logo\":{\"@type\":\"ImageObject\",\"inLanguage\":\"fr-FR\",\"@id\":\"https:\\\/\\\/www.socialscienceinaction.org\\\/#\\\/schema\\\/logo\\\/image\\\/\",\"url\":\"https:\\\/\\\/www.socialscienceinaction.org\\\/wp-content\\\/uploads\\\/2020\\\/06\\\/SSHAP-logo-dark-stacked@3x.png\",\"contentUrl\":\"https:\\\/\\\/www.socialscienceinaction.org\\\/wp-content\\\/uploads\\\/2020\\\/06\\\/SSHAP-logo-dark-stacked@3x.png\",\"width\":204,\"height\":74,\"caption\":\"Social Science in Humanitarian Action Platform\"},\"image\":{\"@id\":\"https:\\\/\\\/www.socialscienceinaction.org\\\/#\\\/schema\\\/logo\\\/image\\\/\"},\"sameAs\":[\"https:\\\/\\\/x.com\\\/SSHAP_action\"]}]}<\/script>\n<!-- \/ Yoast SEO plugin. -->","yoast_head_json":{"title":"Sciences sociales et \u00e9pid\u00e9mies - Plateforme des sciences sociales dans l&#039;action humanitaire","robots":{"index":"index","follow":"follow","max-snippet":"max-snippet:-1","max-image-preview":"max-image-preview:large","max-video-preview":"max-video-preview:-1"},"canonical":"https:\/\/www.socialscienceinaction.org\/fr\/a-propos\/cours-de-sciences-sociales\/","og_locale":"fr_FR","og_type":"article","og_title":"Social Science and Epidemics - Social Science in Humanitarian Action Platform","og_description":"Considerations from previous outbreaks of Ebola, Cholera, Rift Valley Fever, Influenza and SARS.","og_url":"https:\/\/www.socialscienceinaction.org\/fr\/a-propos\/cours-de-sciences-sociales\/","og_site_name":"Social Science in Humanitarian Action Platform","article_modified_time":"2020-09-10T13:17:41+00:00","twitter_card":"summary_large_image","twitter_site":"@SSHAP_action","twitter_misc":{"Dur\u00e9e de lecture estim\u00e9e":"1 minute"},"schema":{"@context":"https:\/\/schema.org","@graph":[{"@type":"WebPage","@id":"https:\/\/www.socialscienceinaction.org\/about\/social-science-lessons\/","url":"https:\/\/www.socialscienceinaction.org\/about\/social-science-lessons\/","name":"Sciences sociales et \u00e9pid\u00e9mies - Plateforme des sciences sociales dans l&#039;action humanitaire","isPartOf":{"@id":"https:\/\/www.socialscienceinaction.org\/#website"},"datePublished":"2020-06-10T12:59:22+00:00","dateModified":"2020-09-10T13:17:41+00:00","breadcrumb":{"@id":"https:\/\/www.socialscienceinaction.org\/about\/social-science-lessons\/#breadcrumb"},"inLanguage":"fr-FR","potentialAction":[{"@type":"ReadAction","target":["https:\/\/www.socialscienceinaction.org\/about\/social-science-lessons\/"]}]},{"@type":"BreadcrumbList","@id":"https:\/\/www.socialscienceinaction.org\/about\/social-science-lessons\/#breadcrumb","itemListElement":[{"@type":"ListItem","position":1,"name":"Home","item":"https:\/\/www.socialscienceinaction.org\/"},{"@type":"ListItem","position":2,"name":"About","item":"https:\/\/www.socialscienceinaction.org\/about\/"},{"@type":"ListItem","position":3,"name":"Social Science and Epidemics"}]},{"@type":"WebSite","@id":"https:\/\/www.socialscienceinaction.org\/#website","url":"https:\/\/www.socialscienceinaction.org\/","name":"Plateforme des sciences sociales dans l\u2019action humanitaire","description":"Une plateforme de communication pour le d\u00e9veloppement","publisher":{"@id":"https:\/\/www.socialscienceinaction.org\/#organization"},"potentialAction":[{"@type":"SearchAction","target":{"@type":"EntryPoint","urlTemplate":"https:\/\/www.socialscienceinaction.org\/?s={search_term_string}"},"query-input":{"@type":"PropertyValueSpecification","valueRequired":true,"valueName":"search_term_string"}}],"inLanguage":"fr-FR"},{"@type":"Organization","@id":"https:\/\/www.socialscienceinaction.org\/#organization","name":"Plateforme des sciences sociales dans l\u2019action humanitaire","url":"https:\/\/www.socialscienceinaction.org\/","logo":{"@type":"ImageObject","inLanguage":"fr-FR","@id":"https:\/\/www.socialscienceinaction.org\/#\/schema\/logo\/image\/","url":"https:\/\/www.socialscienceinaction.org\/wp-content\/uploads\/2020\/06\/SSHAP-logo-dark-stacked@3x.png","contentUrl":"https:\/\/www.socialscienceinaction.org\/wp-content\/uploads\/2020\/06\/SSHAP-logo-dark-stacked@3x.png","width":204,"height":74,"caption":"Social Science in Humanitarian Action Platform"},"image":{"@id":"https:\/\/www.socialscienceinaction.org\/#\/schema\/logo\/image\/"},"sameAs":["https:\/\/x.com\/SSHAP_action"]}]}},"_links":{"self":[{"href":"https:\/\/www.socialscienceinaction.org\/fr\/wp-json\/wp\/v2\/pages\/2873","targetHints":{"allow":["GET"]}}],"collection":[{"href":"https:\/\/www.socialscienceinaction.org\/fr\/wp-json\/wp\/v2\/pages"}],"about":[{"href":"https:\/\/www.socialscienceinaction.org\/fr\/wp-json\/wp\/v2\/types\/page"}],"author":[{"embeddable":true,"href":"https:\/\/www.socialscienceinaction.org\/fr\/wp-json\/wp\/v2\/users\/1"}],"replies":[{"embeddable":true,"href":"https:\/\/www.socialscienceinaction.org\/fr\/wp-json\/wp\/v2\/comments?post=2873"}],"version-history":[{"count":0,"href":"https:\/\/www.socialscienceinaction.org\/fr\/wp-json\/wp\/v2\/pages\/2873\/revisions"}],"up":[{"embeddable":true,"href":"https:\/\/www.socialscienceinaction.org\/fr\/wp-json\/wp\/v2\/pages\/4"}],"wp:attachment":[{"href":"https:\/\/www.socialscienceinaction.org\/fr\/wp-json\/wp\/v2\/media?parent=2873"}],"curies":[{"name":"wp","href":"https:\/\/api.w.org\/{rel}","templated":true}]}}