{"id":2893,"date":"2020-06-12T11:18:10","date_gmt":"2020-06-12T11:18:10","guid":{"rendered":"http:\/\/www.socialscienceinaction.org\/?page_id=2893"},"modified":"2020-06-12T12:34:33","modified_gmt":"2020-06-12T12:34:33","slug":"autres-plateformes-covid-19","status":"publish","type":"page","link":"https:\/\/www.socialscienceinaction.org\/fr\/other-platforms-covid-19\/","title":{"rendered":"Autres plateformes et hubs\u00a0: COVID-19"},"content":{"rendered":"<p><em>Ressources externes utiles pour la r\u00e9ponse au COVID-19.<\/em><\/p>\n<h2><span class=\"ez-toc-section\" id=\"COVID-19_Humanitarian\"><\/span><a href=\"https:\/\/www.covid19humanitarian.com\/\" target=\"_blank\" rel=\"noopener noreferrer\">Humanitaire COVID-19<\/a><span class=\"ez-toc-section-end\"><\/span><\/h2>\n<p>Les humanitaires sur le terrain cr\u00e9ent de nouveaux programmes de lutte contre le COVID-19 et adaptent ceux existants pour continuer \u00e0 fournir des services vitaux de la mani\u00e8re la plus s\u00fbre possible tout en r\u00e9duisant la transmission du COVID-19.<\/p>\n<p>Le site Web humanitaire COVID-19 promeut l\u2019\u00e9change d\u2019adaptations et d\u2019innovations de programmes COVID-19 sur le terrain, facilitant ainsi l\u2019apprentissage entre les organisations de diff\u00e9rents secteurs et contextes.<\/p>\n<p>Cette plateforme en libre acc\u00e8s et bas\u00e9e sur le Web a \u00e9t\u00e9 r\u00e9alis\u00e9e par le <a href=\"http:\/\/hopkinshumanitarianhealth.org\/\" target=\"_blank\" rel=\"noopener noreferrer\">Centre John Hopkins pour la sant\u00e9 humanitaire<\/a>, <a href=\"https:\/\/www.lshtm.ac.uk\/research\/centres\/health-humanitarian-crises-centre\" target=\"_blank\" rel=\"noopener noreferrer\">La sant\u00e9 dans le centre de crise humanitaire<\/a> et le <a href=\"https:\/\/www.cerahgeneve.ch\/home\/\" target=\"_blank\" rel=\"noopener noreferrer\">Centre de formation et de recherche en action humanitaire de Gen\u00e8ve<\/a>.<\/p>\n<p><a href=\"https:\/\/www.covid19humanitarian.com\/\" target=\"_blank\" rel=\"noopener noreferrer\">Visitez le site Web et utilisez leur framework<\/a><\/p>\n<h2><span class=\"ez-toc-section\" id=\"K4D_COVID-19_Resource_Hub\"><\/span><a href=\"https:\/\/www.ids.ac.uk\/projects\/k4d-covid-19-resource-hub\/\" target=\"_blank\" rel=\"noopener noreferrer\">Centre de ressources K4D COVID-19<\/a><span class=\"ez-toc-section-end\"><\/span><\/h2>\n<p>Le\u00a0<a href=\"https:\/\/www.ids.ac.uk\/programme-and-centre\/knowledge-evidence-and-learning-for-development-k4d\/\" target=\"_blank\" rel=\"noopener noreferrer\">Programme Connaissances, donn\u00e9es probantes et apprentissage pour le d\u00e9veloppement (K4D)<\/a> a produit des r\u00e9sum\u00e9s quotidiens des donn\u00e9es probantes sur la sant\u00e9, des r\u00e9sum\u00e9s hebdomadaires des donn\u00e9es probantes sur la d\u00e9mographie et les conflits et la gouvernance.<\/p>\n<p>L&#039;objectif de ce centre est de rassembler les connaissances du minist\u00e8re britannique du D\u00e9veloppement international et du gouvernement britannique en g\u00e9n\u00e9ral, afin de soutenir leur lutte contre le COVID-19 et ses cons\u00e9quences.<\/p>\n<p><a href=\"https:\/\/www.ids.ac.uk\/projects\/k4d-covid-19-resource-hub\/\" target=\"_blank\" rel=\"noopener noreferrer\">Visitez le centre de ressources<\/a><\/p>\n<h2><span class=\"ez-toc-section\" id=\"COVID-19_Hygiene_Hub\"><\/span><a href=\"https:\/\/hygienehub.info\/covid-19\" target=\"_blank\" rel=\"noopener noreferrer\">Centre d&#039;hygi\u00e8ne COVID-19<\/a><span class=\"ez-toc-section-end\"><\/span><\/h2>\n<p>Le COVID-19 Hygiene Hub est un service gratuit qui aide les acteurs des pays \u00e0 revenu faible et interm\u00e9diaire (PRFI) \u00e0 concevoir rapidement des interventions d&#039;hygi\u00e8ne fond\u00e9es sur des donn\u00e9es probantes pour lutter contre le coronavirus.<\/p>\n<p>Cette initiative a \u00e9t\u00e9 d\u00e9velopp\u00e9e par des individus de <a href=\"https:\/\/www.lshtm.ac.uk\/\">\u00c9cole d&#039;hygi\u00e8ne et de m\u00e9decine tropicale de Londres<\/a>, le <a href=\"https:\/\/cawst.org\/\" target=\"_blank\" rel=\"noopener noreferrer\">Centre pour une technologie abordable de l\u2019eau et de l\u2019assainissement\u00a0<\/a>(CAWST), et le\u00a0<a href=\"https:\/\/washem.info\/\" target=\"_blank\" rel=\"noopener noreferrer\">Lavez-les\u00a0<\/a>\u00e9quipe.<\/p>\n<p><a href=\"https:\/\/hygienehub.info\/covid-19\" target=\"_blank\" rel=\"noopener noreferrer\">Visitez le hub<\/a><\/p>","protected":false},"excerpt":{"rendered":"<p>Ressources externes utiles pour la r\u00e9ponse au COVID-19.<br \/>\nHumanitaire COVID-19<br \/>\nLes humanitaires sur le terrain cr\u00e9ent de nouveaux programmes de lutte contre le COVID-19 et adaptent ceux existants pour continuer \u00e0 fournir des services vitaux de la mani\u00e8re la plus s\u00fbre possible tout en r\u00e9duisant la transmission du COVID-19.<br \/>\nLe site Web humanitaire COVID-19 promeut l\u2019\u00e9change d\u2019adaptations et d\u2019innovations de programmes COVID-19 sur le terrain, facilitant ainsi l\u2019apprentissage entre les organisations de diff\u00e9rents secteurs et contextes.<br \/>\nCette plateforme Web en libre acc\u00e8s a \u00e9t\u00e9 produite par le Centre John Hopkins pour la sant\u00e9 humanitaire, le Centre de sant\u00e9 en crise humanitaire et le Centre d&#039;\u00e9ducation et de recherche en action humanitaire de Gen\u00e8ve.<br \/>\nVisitez le site Web et utilisez leur framework<br \/>\nCentre de ressources K4D COVID-19<br \/>\nLe programme Connaissances, donn\u00e9es probantes et apprentissage pour le d\u00e9veloppement (K4D) produit des r\u00e9sum\u00e9s quotidiens des donn\u00e9es probantes sur la sant\u00e9, des r\u00e9sum\u00e9s hebdomadaires des donn\u00e9es probantes sur la d\u00e9mographie et les conflits et la gouvernance.<br \/>\nL&#039;objectif de ce p\u00f4le est de rassembler l&#039;apprentissage au sein du minist\u00e8re britannique du D\u00e9veloppement international,<\/p>","protected":false},"author":1,"featured_media":0,"parent":0,"menu_order":0,"comment_status":"closed","ping_status":"closed","template":"","meta":{"_acf_changed":false,"footnotes":""},"class_list":["post-2893","page","type-page","status-publish","hentry","cta-about-sshap","cta-share-thoughts","cta-all-emergency-responses"],"acf":[],"yoast_head":"<!-- This site is optimized with the Yoast SEO plugin v27.2 - https:\/\/yoast.com\/product\/yoast-seo-wordpress\/ -->\n<title>Other Platforms and Hubs: COVID-19 - Social Science in Humanitarian Action Platform<\/title>\n<meta name=\"robots\" content=\"index, follow, max-snippet:-1, max-image-preview:large, max-video-preview:-1\" \/>\n<link rel=\"canonical\" href=\"https:\/\/www.socialscienceinaction.org\/fr\/autres-plateformes-covid-19\/\" \/>\n<meta property=\"og:locale\" content=\"fr_FR\" \/>\n<meta property=\"og:type\" content=\"article\" \/>\n<meta property=\"og:title\" content=\"Other Platforms and Hubs: COVID-19 - Social Science in Humanitarian Action Platform\" \/>\n<meta property=\"og:description\" content=\"Useful external resources for the COVID-19 response. COVID-19 Humanitarian Humanitarians in the field are creating new COVID-19 programs, and adapting existing ones, to continue life-saving services in the safest manner possible while reducing COVID-19 transmission. The COVID-19 Humanitarian website promotes the exchange of field-based COVID-19 program adaptations and innovations, facilitating learning among organisations in different sectors and contexts. This open-access and web-based platform has been produced by the John Hopkins Center for Humanitarian Health, Health in Humanitarian Crisis Centre and the Geneva Centre of Education and Research in Humanitarian Action. Visit the website and use their framework K4D COVID-19 Resource Hub The\u00a0Knowledge, Evidence and Learning for Development (K4D) programme has been producing daily health evidence summaries, weekly demography and conflict and governance evidence summaries. The aim of the hub is to bring together learning across the UK&#8217;s Department for International Development,\" \/>\n<meta property=\"og:url\" content=\"https:\/\/www.socialscienceinaction.org\/fr\/autres-plateformes-covid-19\/\" \/>\n<meta property=\"og:site_name\" content=\"Social Science in Humanitarian Action Platform\" \/>\n<meta property=\"article:modified_time\" content=\"2020-06-12T12:34:33+00:00\" \/>\n<meta name=\"twitter:card\" content=\"summary_large_image\" \/>\n<meta name=\"twitter:site\" content=\"@SSHAP_action\" \/>\n<meta name=\"twitter:label1\" content=\"Dur\u00e9e de lecture estim\u00e9e\" \/>\n\t<meta name=\"twitter:data1\" content=\"1 minute\" \/>\n<script type=\"application\/ld+json\" class=\"yoast-schema-graph\">{\"@context\":\"https:\/\/schema.org\",\"@graph\":[{\"@type\":\"WebPage\",\"@id\":\"https:\/\/www.socialscienceinaction.org\/other-platforms-covid-19\/\",\"url\":\"https:\/\/www.socialscienceinaction.org\/other-platforms-covid-19\/\",\"name\":\"Other Platforms and Hubs: COVID-19 - Social Science in Humanitarian Action Platform\",\"isPartOf\":{\"@id\":\"https:\/\/www.socialscienceinaction.org\/#website\"},\"datePublished\":\"2020-06-12T11:18:10+00:00\",\"dateModified\":\"2020-06-12T12:34:33+00:00\",\"breadcrumb\":{\"@id\":\"https:\/\/www.socialscienceinaction.org\/other-platforms-covid-19\/#breadcrumb\"},\"inLanguage\":\"fr-FR\",\"potentialAction\":[{\"@type\":\"ReadAction\",\"target\":[\"https:\/\/www.socialscienceinaction.org\/other-platforms-covid-19\/\"]}]},{\"@type\":\"BreadcrumbList\",\"@id\":\"https:\/\/www.socialscienceinaction.org\/other-platforms-covid-19\/#breadcrumb\",\"itemListElement\":[{\"@type\":\"ListItem\",\"position\":1,\"name\":\"Home\",\"item\":\"https:\/\/www.socialscienceinaction.org\/\"},{\"@type\":\"ListItem\",\"position\":2,\"name\":\"Other Platforms and Hubs: COVID-19\"}]},{\"@type\":\"WebSite\",\"@id\":\"https:\/\/www.socialscienceinaction.org\/#website\",\"url\":\"https:\/\/www.socialscienceinaction.org\/\",\"name\":\"Social Science in Humanitarian Action Platform\",\"description\":\"A Communication for Development Platform\",\"publisher\":{\"@id\":\"https:\/\/www.socialscienceinaction.org\/#organization\"},\"potentialAction\":[{\"@type\":\"SearchAction\",\"target\":{\"@type\":\"EntryPoint\",\"urlTemplate\":\"https:\/\/www.socialscienceinaction.org\/?s={search_term_string}\"},\"query-input\":{\"@type\":\"PropertyValueSpecification\",\"valueRequired\":true,\"valueName\":\"search_term_string\"}}],\"inLanguage\":\"fr-FR\"},{\"@type\":\"Organization\",\"@id\":\"https:\/\/www.socialscienceinaction.org\/#organization\",\"name\":\"Social Science in Humanitarian Action Platform\",\"url\":\"https:\/\/www.socialscienceinaction.org\/\",\"logo\":{\"@type\":\"ImageObject\",\"inLanguage\":\"fr-FR\",\"@id\":\"https:\/\/www.socialscienceinaction.org\/#\/schema\/logo\/image\/\",\"url\":\"https:\/\/www.socialscienceinaction.org\/wp-content\/uploads\/2020\/06\/SSHAP-logo-dark-stacked@3x.png\",\"contentUrl\":\"https:\/\/www.socialscienceinaction.org\/wp-content\/uploads\/2020\/06\/SSHAP-logo-dark-stacked@3x.png\",\"width\":204,\"height\":74,\"caption\":\"Social Science in Humanitarian Action Platform\"},\"image\":{\"@id\":\"https:\/\/www.socialscienceinaction.org\/#\/schema\/logo\/image\/\"},\"sameAs\":[\"https:\/\/x.com\/SSHAP_action\"]}]}<\/script>\n<!-- \/ Yoast SEO plugin. -->","yoast_head_json":{"title":"Autres plateformes et hubs\u00a0: COVID-19 - Plateforme des sciences sociales dans l&#039;action humanitaire","robots":{"index":"index","follow":"follow","max-snippet":"max-snippet:-1","max-image-preview":"max-image-preview:large","max-video-preview":"max-video-preview:-1"},"canonical":"https:\/\/www.socialscienceinaction.org\/fr\/autres-plateformes-covid-19\/","og_locale":"fr_FR","og_type":"article","og_title":"Other Platforms and Hubs: COVID-19 - Social Science in Humanitarian Action Platform","og_description":"Useful external resources for the COVID-19 response. COVID-19 Humanitarian Humanitarians in the field are creating new COVID-19 programs, and adapting existing ones, to continue life-saving services in the safest manner possible while reducing COVID-19 transmission. The COVID-19 Humanitarian website promotes the exchange of field-based COVID-19 program adaptations and innovations, facilitating learning among organisations in different sectors and contexts. This open-access and web-based platform has been produced by the John Hopkins Center for Humanitarian Health, Health in Humanitarian Crisis Centre and the Geneva Centre of Education and Research in Humanitarian Action. Visit the website and use their framework K4D COVID-19 Resource Hub The\u00a0Knowledge, Evidence and Learning for Development (K4D) programme has been producing daily health evidence summaries, weekly demography and conflict and governance evidence summaries. The aim of the hub is to bring together learning across the UK&#8217;s Department for International Development,","og_url":"https:\/\/www.socialscienceinaction.org\/fr\/autres-plateformes-covid-19\/","og_site_name":"Social Science in Humanitarian Action Platform","article_modified_time":"2020-06-12T12:34:33+00:00","twitter_card":"summary_large_image","twitter_site":"@SSHAP_action","twitter_misc":{"Dur\u00e9e de lecture estim\u00e9e":"1 minute"},"schema":{"@context":"https:\/\/schema.org","@graph":[{"@type":"WebPage","@id":"https:\/\/www.socialscienceinaction.org\/other-platforms-covid-19\/","url":"https:\/\/www.socialscienceinaction.org\/other-platforms-covid-19\/","name":"Autres plateformes et hubs\u00a0: COVID-19 - Plateforme des sciences sociales dans l&#039;action humanitaire","isPartOf":{"@id":"https:\/\/www.socialscienceinaction.org\/#website"},"datePublished":"2020-06-12T11:18:10+00:00","dateModified":"2020-06-12T12:34:33+00:00","breadcrumb":{"@id":"https:\/\/www.socialscienceinaction.org\/other-platforms-covid-19\/#breadcrumb"},"inLanguage":"fr-FR","potentialAction":[{"@type":"ReadAction","target":["https:\/\/www.socialscienceinaction.org\/other-platforms-covid-19\/"]}]},{"@type":"BreadcrumbList","@id":"https:\/\/www.socialscienceinaction.org\/other-platforms-covid-19\/#breadcrumb","itemListElement":[{"@type":"ListItem","position":1,"name":"Home","item":"https:\/\/www.socialscienceinaction.org\/"},{"@type":"ListItem","position":2,"name":"Other Platforms and Hubs: COVID-19"}]},{"@type":"WebSite","@id":"https:\/\/www.socialscienceinaction.org\/#website","url":"https:\/\/www.socialscienceinaction.org\/","name":"Plateforme des sciences sociales dans l\u2019action humanitaire","description":"Une plateforme de communication pour le d\u00e9veloppement","publisher":{"@id":"https:\/\/www.socialscienceinaction.org\/#organization"},"potentialAction":[{"@type":"SearchAction","target":{"@type":"EntryPoint","urlTemplate":"https:\/\/www.socialscienceinaction.org\/?s={search_term_string}"},"query-input":{"@type":"PropertyValueSpecification","valueRequired":true,"valueName":"search_term_string"}}],"inLanguage":"fr-FR"},{"@type":"Organization","@id":"https:\/\/www.socialscienceinaction.org\/#organization","name":"Plateforme des sciences sociales dans l\u2019action humanitaire","url":"https:\/\/www.socialscienceinaction.org\/","logo":{"@type":"ImageObject","inLanguage":"fr-FR","@id":"https:\/\/www.socialscienceinaction.org\/#\/schema\/logo\/image\/","url":"https:\/\/www.socialscienceinaction.org\/wp-content\/uploads\/2020\/06\/SSHAP-logo-dark-stacked@3x.png","contentUrl":"https:\/\/www.socialscienceinaction.org\/wp-content\/uploads\/2020\/06\/SSHAP-logo-dark-stacked@3x.png","width":204,"height":74,"caption":"Social Science in Humanitarian Action Platform"},"image":{"@id":"https:\/\/www.socialscienceinaction.org\/#\/schema\/logo\/image\/"},"sameAs":["https:\/\/x.com\/SSHAP_action"]}]}},"_links":{"self":[{"href":"https:\/\/www.socialscienceinaction.org\/fr\/wp-json\/wp\/v2\/pages\/2893","targetHints":{"allow":["GET"]}}],"collection":[{"href":"https:\/\/www.socialscienceinaction.org\/fr\/wp-json\/wp\/v2\/pages"}],"about":[{"href":"https:\/\/www.socialscienceinaction.org\/fr\/wp-json\/wp\/v2\/types\/page"}],"author":[{"embeddable":true,"href":"https:\/\/www.socialscienceinaction.org\/fr\/wp-json\/wp\/v2\/users\/1"}],"replies":[{"embeddable":true,"href":"https:\/\/www.socialscienceinaction.org\/fr\/wp-json\/wp\/v2\/comments?post=2893"}],"version-history":[{"count":0,"href":"https:\/\/www.socialscienceinaction.org\/fr\/wp-json\/wp\/v2\/pages\/2893\/revisions"}],"wp:attachment":[{"href":"https:\/\/www.socialscienceinaction.org\/fr\/wp-json\/wp\/v2\/media?parent=2893"}],"curies":[{"name":"wp","href":"https:\/\/api.w.org\/{rel}","templated":true}]}}