{"id":3045,"date":"2020-08-22T10:14:19","date_gmt":"2020-08-22T10:14:19","guid":{"rendered":"http:\/\/www.socialscienceinaction.org\/?page_id=3045"},"modified":"2020-08-25T14:20:21","modified_gmt":"2020-08-25T14:20:21","slug":"bulletin","status":"publish","type":"page","link":"https:\/\/www.socialscienceinaction.org\/fr\/newsletter\/","title":{"rendered":"Abonnez-vous \u00e0 notre newsletter"},"content":{"rendered":"<p>When you subscribe, we will send you regular emails with updates from the Social Science in Humanitarian Action Platform. This may include news, blogs, events and resources.<\/p>\n<p>During epidemics and crises we may send more frequent updates.<\/p>\n<p><em>We will not share your details with any third parties, and you can unsubscribe at any time by clicking &#8216;Unsubscribe&#8217; at the bottom of the newsletter.<\/em><\/p>\n<h2>Network<\/h2>\n<p>Are you a\u00a0social scientist or practitioner who would like to be part of our emergency response network?<\/p>\n<p>This could mean receiving invitations to contribute to briefings at short notice and to provide remote support for emergency and outbreak response efforts.<\/p>\n<p>If so, please indicate your interest in contributing by ticking &#8216;yes&#8217; below. We will send you a short survey by email to find out a bit more about you and your work.<\/p>\n<p>If you tick &#8216;no&#8217;, you will still be subscribed to our newsletter.<\/p>\n<script>(function() {\n\twindow.mc4wp = window.mc4wp || {\n\t\tlisteners: [],\n\t\tforms: {\n\t\t\ton: function(evt, cb) {\n\t\t\t\twindow.mc4wp.listeners.push(\n\t\t\t\t\t{\n\t\t\t\t\t\tevent   : evt,\n\t\t\t\t\t\tcallback: cb\n\t\t\t\t\t}\n\t\t\t\t);\n\t\t\t}\n\t\t}\n\t}\n})();\n<\/script><!-- Mailchimp for WordPress v4.12.2 - https:\/\/wordpress.org\/plugins\/mailchimp-for-wp\/ --><form id=\"mc4wp-form-1\" class=\"mc4wp-form mc4wp-form-3043\" method=\"post\" data-id=\"3043\" data-name=\"Standalone signup form\" ><div class=\"mc4wp-form-fields\"><div class=\"signup-form\">\r\n  \t<div class=\"signup-form__fields\">\r\n\t\t<label  for=\"signup-form-lname-field\">NAME<\/label>\r\n\t\t<div class=\"signup-form__field\">\r\n\t\t\t<input type=\"text\" name=\"FNAME\" placeholder=\"First name\">\r\n\t\t\t<input id=\"signup-form-lname-field\" type=\"text\" name=\"LNAME\" placeholder=\"Last name\">\r\n\t\t<\/div>\r\n    \t<div class=\"signup-form__field\">\r\n\t\t\t<label for=\"signup-form-email-field\">EMAIL<\/label>\r\n\t\t\t<input id=\"signup-form-email-field\" type=\"email\" name=\"EMAIL\" placeholder=\"Your email address\" required \/>\r\n    \t<\/div>\r\n    <\/div>\r\n\t<div class=\"signup-form__lower\">\r\n        <label>Are you also interested in joining our network?<\/label>\r\n    \t<div class=\"signup-form__bottom-row\">\r\n        \t<div class=\"interest-responses\">\r\n        \t\t<input name=\"INTERESTS[e765f1de16]\" type=\"radio\" value=\"2ceb03bfff\" checked=\"true\"> <span>Yes<\/span>\r\n        \t\t<input name=\"INTERESTS[e765f1de16]\" type=\"radio\" value=\"2b46e87a55\"> <span>No<\/span>\r\n        \t<\/div>\r\n            <div class=\"submit\">\r\n        \t\t<input type=\"submit\" class=\"btn btn-outline-primary\" value=\"Sign up\" \/>\r\n        \t<\/div>\r\n    \t<\/div>\r\n\t<\/div>\r\n<\/div><\/div><label style=\"display: none !important;\">Laissez ce champ vide si vous \u00eates humain\u00a0: <input type=\"text\" name=\"_mc4wp_honeypot\" value=\"\" tabindex=\"-1\" autocomplete=\"off\" \/><\/label><input type=\"hidden\" name=\"_mc4wp_timestamp\" value=\"1777573558\" \/><input type=\"hidden\" name=\"_mc4wp_form_id\" value=\"3043\" \/><input type=\"hidden\" name=\"_mc4wp_form_element_id\" value=\"mc4wp-form-1\" \/><div class=\"mc4wp-response\"><\/div><\/form><!-- \/ Mailchimp for WordPress Plugin -->\n","protected":false},"excerpt":{"rendered":"<p>Lorsque vous vous abonnez, nous vous enverrons r\u00e9guli\u00e8rement des e-mails contenant des mises \u00e0 jour de la plateforme des sciences sociales dans l&#039;action humanitaire. Cela peut inclure des actualit\u00e9s, des blogs, des \u00e9v\u00e9nements et des ressources.<br \/>\nPendant les \u00e9pid\u00e9mies et les crises, nous pouvons envoyer des mises \u00e0 jour plus fr\u00e9quentes.<br \/>\nNous ne partagerons vos coordonn\u00e9es avec aucun tiers et vous pouvez vous d\u00e9sinscrire \u00e0 tout moment en cliquant sur \u00ab\u00a0Se d\u00e9sinscrire\u00a0\u00bb en bas de la newsletter.<br \/>\nR\u00e9seau<br \/>\n\u00cates-vous un sp\u00e9cialiste des sciences sociales ou un praticien qui aimerait faire partie de notre r\u00e9seau d&#039;intervention d&#039;urgence\u00a0?<br \/>\nCela pourrait signifier recevoir des invitations \u00e0 contribuer \u00e0 des s\u00e9ances d\u2019information dans de brefs d\u00e9lais et \u00e0 fournir un soutien \u00e0 distance aux efforts de r\u00e9ponse aux urgences et aux \u00e9pid\u00e9mies.<br \/>\nSi tel est le cas, veuillez indiquer votre int\u00e9r\u00eat \u00e0 contribuer en cochant \u00ab\u00a0oui\u00a0\u00bb ci-dessous. Nous vous enverrons un court sondage par e-mail pour en savoir un peu plus sur vous et votre travail.<br \/>\nSi vous cochez \u00ab non \u00bb,<\/p>","protected":false},"author":1,"featured_media":0,"parent":0,"menu_order":0,"comment_status":"closed","ping_status":"closed","template":"","meta":{"_acf_changed":false,"footnotes":""},"class_list":["post-3045","page","type-page","status-publish","hentry","cta-about-sshap","cta-connect-with-sshap-cta","cta-sonar-gobal-network"],"acf":[],"yoast_head":"<!-- This site is optimized with the Yoast SEO plugin v27.5 - https:\/\/yoast.com\/product\/yoast-seo-wordpress\/ -->\n<title>Subscribe to our newsletter - Social Science in Humanitarian Action Platform<\/title>\n<meta name=\"robots\" content=\"index, follow, max-snippet:-1, max-image-preview:large, max-video-preview:-1\" \/>\n<link rel=\"canonical\" href=\"https:\/\/www.socialscienceinaction.org\/fr\/bulletin\/\" \/>\n<meta property=\"og:locale\" content=\"fr_FR\" \/>\n<meta property=\"og:type\" content=\"article\" \/>\n<meta property=\"og:title\" content=\"Subscribe to our newsletter - Social Science in Humanitarian Action Platform\" \/>\n<meta property=\"og:description\" content=\"When you subscribe, we will send you regular emails with updates from the Social Science in Humanitarian Action Platform. This may include news, blogs, events and resources. During epidemics and crises we may send more frequent updates. We will not share your details with any third parties, and you can unsubscribe at any time by clicking &#8216;Unsubscribe&#8217; at the bottom of the newsletter. Network Are you a\u00a0social scientist or practitioner who would like to be part of our emergency response network? This could mean receiving invitations to contribute to briefings at short notice and to provide remote support for emergency and outbreak response efforts. If so, please indicate your interest in contributing by ticking &#8216;yes&#8217; below. We will send you a short survey by email to find out a bit more about you and your work. If you tick &#8216;no&#8217;,\" \/>\n<meta property=\"og:url\" content=\"https:\/\/www.socialscienceinaction.org\/fr\/bulletin\/\" \/>\n<meta property=\"og:site_name\" content=\"Social Science in Humanitarian Action Platform\" \/>\n<meta property=\"article:modified_time\" content=\"2020-08-25T14:20:21+00:00\" \/>\n<meta name=\"twitter:card\" content=\"summary_large_image\" \/>\n<meta name=\"twitter:site\" content=\"@SSHAP_action\" \/>\n<meta name=\"twitter:label1\" content=\"Dur\u00e9e de lecture estim\u00e9e\" \/>\n\t<meta name=\"twitter:data1\" content=\"1 minute\" \/>\n<script type=\"application\/ld+json\" class=\"yoast-schema-graph\">{\"@context\":\"https:\\\/\\\/schema.org\",\"@graph\":[{\"@type\":\"WebPage\",\"@id\":\"https:\\\/\\\/www.socialscienceinaction.org\\\/newsletter\\\/\",\"url\":\"https:\\\/\\\/www.socialscienceinaction.org\\\/newsletter\\\/\",\"name\":\"Subscribe to our newsletter - Social Science in Humanitarian Action Platform\",\"isPartOf\":{\"@id\":\"https:\\\/\\\/www.socialscienceinaction.org\\\/#website\"},\"datePublished\":\"2020-08-22T10:14:19+00:00\",\"dateModified\":\"2020-08-25T14:20:21+00:00\",\"breadcrumb\":{\"@id\":\"https:\\\/\\\/www.socialscienceinaction.org\\\/newsletter\\\/#breadcrumb\"},\"inLanguage\":\"fr-FR\",\"potentialAction\":[{\"@type\":\"ReadAction\",\"target\":[\"https:\\\/\\\/www.socialscienceinaction.org\\\/newsletter\\\/\"]}]},{\"@type\":\"BreadcrumbList\",\"@id\":\"https:\\\/\\\/www.socialscienceinaction.org\\\/newsletter\\\/#breadcrumb\",\"itemListElement\":[{\"@type\":\"ListItem\",\"position\":1,\"name\":\"Home\",\"item\":\"https:\\\/\\\/www.socialscienceinaction.org\\\/\"},{\"@type\":\"ListItem\",\"position\":2,\"name\":\"Subscribe to our newsletter\"}]},{\"@type\":\"WebSite\",\"@id\":\"https:\\\/\\\/www.socialscienceinaction.org\\\/#website\",\"url\":\"https:\\\/\\\/www.socialscienceinaction.org\\\/\",\"name\":\"Social Science in Humanitarian Action Platform\",\"description\":\"A Communication for Development Platform\",\"publisher\":{\"@id\":\"https:\\\/\\\/www.socialscienceinaction.org\\\/#organization\"},\"potentialAction\":[{\"@type\":\"SearchAction\",\"target\":{\"@type\":\"EntryPoint\",\"urlTemplate\":\"https:\\\/\\\/www.socialscienceinaction.org\\\/?s={search_term_string}\"},\"query-input\":{\"@type\":\"PropertyValueSpecification\",\"valueRequired\":true,\"valueName\":\"search_term_string\"}}],\"inLanguage\":\"fr-FR\"},{\"@type\":\"Organization\",\"@id\":\"https:\\\/\\\/www.socialscienceinaction.org\\\/#organization\",\"name\":\"Social Science in Humanitarian Action Platform\",\"url\":\"https:\\\/\\\/www.socialscienceinaction.org\\\/\",\"logo\":{\"@type\":\"ImageObject\",\"inLanguage\":\"fr-FR\",\"@id\":\"https:\\\/\\\/www.socialscienceinaction.org\\\/#\\\/schema\\\/logo\\\/image\\\/\",\"url\":\"https:\\\/\\\/www.socialscienceinaction.org\\\/wp-content\\\/uploads\\\/2020\\\/06\\\/SSHAP-logo-dark-stacked@3x.png\",\"contentUrl\":\"https:\\\/\\\/www.socialscienceinaction.org\\\/wp-content\\\/uploads\\\/2020\\\/06\\\/SSHAP-logo-dark-stacked@3x.png\",\"width\":204,\"height\":74,\"caption\":\"Social Science in Humanitarian Action Platform\"},\"image\":{\"@id\":\"https:\\\/\\\/www.socialscienceinaction.org\\\/#\\\/schema\\\/logo\\\/image\\\/\"},\"sameAs\":[\"https:\\\/\\\/x.com\\\/SSHAP_action\"]}]}<\/script>\n<!-- \/ Yoast SEO plugin. -->","yoast_head_json":{"title":"Abonnez-vous \u00e0 notre newsletter - Plateforme des sciences sociales dans l&#039;action humanitaire","robots":{"index":"index","follow":"follow","max-snippet":"max-snippet:-1","max-image-preview":"max-image-preview:large","max-video-preview":"max-video-preview:-1"},"canonical":"https:\/\/www.socialscienceinaction.org\/fr\/bulletin\/","og_locale":"fr_FR","og_type":"article","og_title":"Subscribe to our newsletter - Social Science in Humanitarian Action Platform","og_description":"When you subscribe, we will send you regular emails with updates from the Social Science in Humanitarian Action Platform. This may include news, blogs, events and resources. During epidemics and crises we may send more frequent updates. We will not share your details with any third parties, and you can unsubscribe at any time by clicking &#8216;Unsubscribe&#8217; at the bottom of the newsletter. Network Are you a\u00a0social scientist or practitioner who would like to be part of our emergency response network? This could mean receiving invitations to contribute to briefings at short notice and to provide remote support for emergency and outbreak response efforts. If so, please indicate your interest in contributing by ticking &#8216;yes&#8217; below. We will send you a short survey by email to find out a bit more about you and your work. If you tick &#8216;no&#8217;,","og_url":"https:\/\/www.socialscienceinaction.org\/fr\/bulletin\/","og_site_name":"Social Science in Humanitarian Action Platform","article_modified_time":"2020-08-25T14:20:21+00:00","twitter_card":"summary_large_image","twitter_site":"@SSHAP_action","twitter_misc":{"Dur\u00e9e de lecture estim\u00e9e":"1 minute"},"schema":{"@context":"https:\/\/schema.org","@graph":[{"@type":"WebPage","@id":"https:\/\/www.socialscienceinaction.org\/newsletter\/","url":"https:\/\/www.socialscienceinaction.org\/newsletter\/","name":"Abonnez-vous \u00e0 notre newsletter - Plateforme des sciences sociales dans l&#039;action humanitaire","isPartOf":{"@id":"https:\/\/www.socialscienceinaction.org\/#website"},"datePublished":"2020-08-22T10:14:19+00:00","dateModified":"2020-08-25T14:20:21+00:00","breadcrumb":{"@id":"https:\/\/www.socialscienceinaction.org\/newsletter\/#breadcrumb"},"inLanguage":"fr-FR","potentialAction":[{"@type":"ReadAction","target":["https:\/\/www.socialscienceinaction.org\/newsletter\/"]}]},{"@type":"BreadcrumbList","@id":"https:\/\/www.socialscienceinaction.org\/newsletter\/#breadcrumb","itemListElement":[{"@type":"ListItem","position":1,"name":"Home","item":"https:\/\/www.socialscienceinaction.org\/"},{"@type":"ListItem","position":2,"name":"Subscribe to our newsletter"}]},{"@type":"WebSite","@id":"https:\/\/www.socialscienceinaction.org\/#website","url":"https:\/\/www.socialscienceinaction.org\/","name":"Plateforme des sciences sociales dans l\u2019action humanitaire","description":"Une plateforme de communication pour le d\u00e9veloppement","publisher":{"@id":"https:\/\/www.socialscienceinaction.org\/#organization"},"potentialAction":[{"@type":"SearchAction","target":{"@type":"EntryPoint","urlTemplate":"https:\/\/www.socialscienceinaction.org\/?s={search_term_string}"},"query-input":{"@type":"PropertyValueSpecification","valueRequired":true,"valueName":"search_term_string"}}],"inLanguage":"fr-FR"},{"@type":"Organization","@id":"https:\/\/www.socialscienceinaction.org\/#organization","name":"Plateforme des sciences sociales dans l\u2019action humanitaire","url":"https:\/\/www.socialscienceinaction.org\/","logo":{"@type":"ImageObject","inLanguage":"fr-FR","@id":"https:\/\/www.socialscienceinaction.org\/#\/schema\/logo\/image\/","url":"https:\/\/www.socialscienceinaction.org\/wp-content\/uploads\/2020\/06\/SSHAP-logo-dark-stacked@3x.png","contentUrl":"https:\/\/www.socialscienceinaction.org\/wp-content\/uploads\/2020\/06\/SSHAP-logo-dark-stacked@3x.png","width":204,"height":74,"caption":"Social Science in Humanitarian Action Platform"},"image":{"@id":"https:\/\/www.socialscienceinaction.org\/#\/schema\/logo\/image\/"},"sameAs":["https:\/\/x.com\/SSHAP_action"]}]}},"_links":{"self":[{"href":"https:\/\/www.socialscienceinaction.org\/fr\/wp-json\/wp\/v2\/pages\/3045","targetHints":{"allow":["GET"]}}],"collection":[{"href":"https:\/\/www.socialscienceinaction.org\/fr\/wp-json\/wp\/v2\/pages"}],"about":[{"href":"https:\/\/www.socialscienceinaction.org\/fr\/wp-json\/wp\/v2\/types\/page"}],"author":[{"embeddable":true,"href":"https:\/\/www.socialscienceinaction.org\/fr\/wp-json\/wp\/v2\/users\/1"}],"replies":[{"embeddable":true,"href":"https:\/\/www.socialscienceinaction.org\/fr\/wp-json\/wp\/v2\/comments?post=3045"}],"version-history":[{"count":0,"href":"https:\/\/www.socialscienceinaction.org\/fr\/wp-json\/wp\/v2\/pages\/3045\/revisions"}],"wp:attachment":[{"href":"https:\/\/www.socialscienceinaction.org\/fr\/wp-json\/wp\/v2\/media?parent=3045"}],"curies":[{"name":"wp","href":"https:\/\/api.w.org\/{rel}","templated":true}]}}