{"id":3306,"date":"2021-02-22T11:54:23","date_gmt":"2021-02-22T11:54:23","guid":{"rendered":"https:\/\/www.socialscienceinaction.org\/?page_id=3306"},"modified":"2021-02-22T12:09:01","modified_gmt":"2021-02-22T12:09:01","slug":"fournir-des-preuves-au-bureau-etranger-du-commonwealth-et-du-developpement","status":"publish","type":"page","link":"https:\/\/www.socialscienceinaction.org\/fr\/providing-evidence-to-the-foreign-commonwealth-and-development-office\/","title":{"rendered":"Fournir des preuves au Bureau des Affaires \u00e9trang\u00e8res, du Commonwealth et du D\u00e9veloppement"},"content":{"rendered":"<p>La pand\u00e9mie mondiale a mis en \u00e9vidence que les crises actuelles sont de plus en plus complexes et interconnect\u00e9es, d\u00e9montrant la n\u00e9cessit\u00e9 de s&#039;appuyer sur une science interdisciplinaire et de trouver des solutions fond\u00e9es sur des donn\u00e9es probantes pour faire face aux urgences humanitaires.<\/p>\n<p>La Plateforme des sciences sociales et de l&#039;action humanitaire (SSHAP) se concentre sur les dimensions sociales des urgences de sant\u00e9 publique, de conflit et d&#039;environnement. Notre objectif est de garantir que les donn\u00e9es probantes des sciences sociales aident \u00e0 mieux se pr\u00e9parer et \u00e0 r\u00e9pondre aux crises \u2013 en mettant l\u2019accent sur les besoins des plus vuln\u00e9rables.<\/p>\n<p>Financ\u00e9 par le Bureau britannique des Affaires \u00e9trang\u00e8res, du Commonwealth et du D\u00e9veloppement (FCDO) et le Wellcome Trust, SSHAP est un partenariat entre l\u2019Institute of Development Studies, Anthrologica et la London School of Hygiene and Tropical Medicine.\u00a0<a href=\"http:\/\/www.socialscienceinaction.org\/wp-content\/uploads\/2021\/02\/SSHAP-FCDO-flyer_FINAL.pdf\">Nous nous alignons \u00e9troitement\u00a0<\/a>avec les priorit\u00e9s du FCDO sur le changement climatique et la biodiversit\u00e9\u00a0; COVID-19 et s\u00e9curit\u00e9 sanitaire mondiale\u00a0; science, recherche et technologie; et la pr\u00e9paration et la r\u00e9ponse humanitaires. Nous travaillons avec le FCDO et d\u2019autres partenaires internationaux, nationaux et locaux pour \u00e9laborer des recommandations et des interventions contextuellement inform\u00e9es, adaptatives et efficaces.<\/p>\n<p><strong>Flux d\u2019action<\/strong><\/p>\n<p><strong>R\u00e9seau d&#039;experts :\u00a0<\/strong>Moteur des travaux du SSHAP, notre r\u00e9seau d&#039;experts apporte rapidement \u00e9clairage, analyse et conseil. Ils poss\u00e8dent une connaissance approfondie et sp\u00e9cifique des zones g\u00e9ographiques, des communaut\u00e9s \u00e0 risque et des probl\u00e8mes cl\u00e9s importants pour la pr\u00e9paration et la r\u00e9ponse. Nous veillons \u00e0 ce que cette expertise soit adapt\u00e9e aux besoins politiques et op\u00e9rationnels et soit facilement accessible aux partenaires sur le terrain et \u00e0 l\u2019\u00e9chelle mondiale.<\/p>\n<ul>\n<li><a href=\"https:\/\/www.socialscienceinaction.org\/fr\/ressources\/une-solution-unique-ne-convient-pas-a-toutes-les-reponses-au-covid-19-dans-les-contextes-africains\/\"><strong>Table ronde<\/strong>\u00a0sur diverses r\u00e9ponses au COVID-19 dans les contextes africains pour \u00e9clairer les premiers d\u00e9bats sur la politique du COVID-19<\/a>.<\/li>\n<\/ul>\n<p><strong>Connaissances et preuves sur demande\u00a0:\u00a0<\/strong>Nous fournissons des s\u00e9ances d&#039;information rapides (\u00e9crites et verbales), des rapports de base, des \u00e9tudes de cas et des examens de preuves. Celles-ci r\u00e9pondent souvent \u00e0 des demandes sp\u00e9cifiques des agences et des partenaires op\u00e9rationnels :<\/p>\n<ul>\n<li><a href=\"https:\/\/www.socialscienceinaction.org\/fr\/ressources\/compilation-de-donnees-comportementales-en-sciences-sociales-novembre-2018\/\"><strong>La synth\u00e8se<\/strong>\u00a0sur les donn\u00e9es de sciences sociales et comportementales li\u00e9es \u00e0 l&#039;\u00e9pid\u00e9mie d&#039;Ebola dans les provinces du Nord-Kivu et de l&#039;Ituri en R\u00e9publique d\u00e9mocratique du Congo (2018)<\/a><\/li>\n<\/ul>\n<p>Nous entretenons des relations avec les organisations op\u00e9rationnelles \u2013 cela nous permet d\u2019agir rapidement pour r\u00e9pondre aux crises aigu\u00ebs et prolong\u00e9es. Nous avons r\u00e9cemment r\u00e9pondu \u00e0 plusieurs demandes du FCDO (des bureaux nationaux et du Royaume-Uni) pour fournir des informations sur la politique et la programmation li\u00e9es au COVID-19\u00a0:<\/p>\n<ul>\n<li><a href=\"http:\/\/www.socialscienceinaction.org\/fr\/ressources\/considerations-cles-contexte-covid-19-conflit-deplacement-myanmar\/\">COVID-19 dans le contexte de conflit et de d\u00e9placement \u2013 Myanmar<\/a><\/li>\n<li><a href=\"https:\/\/www.socialscienceinaction.org\/fr\/ressources\/impacts-plus-larges-sur-la-sante-des-reponses-verticales-au-covid-19-dans-les-pays-a-revenu-faible-et-intermediaire\/\">Impacts sanitaires plus larges des r\u00e9ponses verticales au COVID-19 dans les pays \u00e0 revenu faible et interm\u00e9diaire (PRFI)<\/a>\u00a0\u2013\u00a0<a href=\"https:\/\/committees.parliament.uk\/writtenevidence\/13545\/html\/\">cette preuve \u00e9clair\u00e9e soumise<\/a>\u00a0et inclus dans l\u2019enqu\u00eate du Comit\u00e9 du d\u00e9veloppement international\u00a0:\u00a0<a href=\"https:\/\/publications.parliament.uk\/pa\/cm5801\/cmselect\/cmintdev\/292-secondary-impacts\/29202.htm\">impacts secondaires du coronavirus dans les pays en d\u00e9veloppement<\/a><\/li>\n<li>R\u00e9pondre aux mauvais r\u00e9sultats de sant\u00e9 des Rohingyas \u00e0 Cox&#039;s Bazar pendant une crise prolong\u00e9e (en cours)<\/li>\n<\/ul>\n<p><strong>Capacit\u00e9 op\u00e9rationnelle\u00a0:<\/strong>\u00a0Nous travaillons avec des sp\u00e9cialistes des sciences sociales et des praticiens bas\u00e9s dans des pays \u00e0 revenu faible ou interm\u00e9diaire pour proposer des ateliers, des cours de formation et un soutien accru. En 2019, nous avons d\u00e9velopp\u00e9 un programme de formation en sciences sociales destin\u00e9 aux situations d\u2019urgence et cette ann\u00e9e, nous organiserons le premier programme de bourses SSHAP. La bourse r\u00e9unira des sp\u00e9cialistes des sciences sociales et des praticiens pour apprendre \u00e0 appliquer leurs connaissances dans les situations d&#039;urgence.<\/p>\n<ul>\n<li><a href=\"http:\/\/www.socialscienceinaction.org\/fr\/blogs-et-actualites\/sshap-lance-son-premier-programme-de-bourses\/\">SSHAP lance son premier programme de bourses<\/a><\/li>\n<li><a href=\"https:\/\/twitter.com\/FCDOResearch\/status\/1356235763323703296\">Tweet partag\u00e9 par @FCDO_research<\/a><\/li>\n<\/ul>\n<p><strong>Communications et mobilisation\u00a0:\u00a0<\/strong>Nous utilisons le site Web du SSHAP, Twitter et le bulletin d&#039;information pour rassembler et partager les ressources de notre r\u00e9seau actif, diffuser des preuves et des connaissances, encourager l&#039;apprentissage et promouvoir notre travail.<\/p>\n<ul>\n<li>Site web -\u00a0<a href=\"https:\/\/www.socialscienceinaction.org\/fr\/\">https:\/\/socialscienceinaction.org<\/a><\/li>\n<li><a href=\"https:\/\/twitter.com\/SSHAP_action\/status\/1329848383280979968\">Fil Twitter sur l\u2019h\u00e9sitation \u00e0 la vaccination<\/a><\/li>\n<li>Infographie \u2013\u00a0<a href=\"https:\/\/www.socialscienceinaction.org\/fr\/ressources\/covid-19-va-au-dela-de-la-desinformation-pour-renforcer-la-confiance-dans-les-vaccins\/\">COVID-19\u00a0: Aller au-del\u00e0 de la d\u00e9sinformation pour renforcer la confiance dans les vaccins<\/a><\/li>\n<\/ul>\n<p>Pour plus d\u2019informations ou pour discuter d\u2019une demande sp\u00e9cifique, veuillez contacter\u00a0<a href=\"mailto:info@socialscienceinaction.org\">info@socialscienceinaction.org<\/a><\/p>\n<p>&nbsp;<\/p>","protected":false},"excerpt":{"rendered":"<p>La pand\u00e9mie mondiale a mis en \u00e9vidence que les crises actuelles sont de plus en plus complexes et interconnect\u00e9es, d\u00e9montrant la n\u00e9cessit\u00e9 de s&#039;appuyer sur une science interdisciplinaire et de trouver des solutions fond\u00e9es sur des donn\u00e9es probantes pour faire face aux urgences humanitaires.<br \/>\nLa Plateforme des sciences sociales et de l&#039;action humanitaire (SSHAP) se concentre sur les dimensions sociales des urgences de sant\u00e9 publique, de conflit et d&#039;environnement. Notre objectif est de garantir que les donn\u00e9es probantes des sciences sociales aident \u00e0 mieux se pr\u00e9parer et \u00e0 r\u00e9pondre aux crises \u2013 en mettant l\u2019accent sur les besoins des plus vuln\u00e9rables.<br \/>\nFinanc\u00e9 par le Foreign, Commonwealth and Development Office (FCDO) du Royaume-Uni et le Wellcome Trust, le SSHAP est un partenariat entre l'Institute of Development Studies, Anthrologica et la London School of Hygiene and Tropical Medicine. Nous nous alignons \u00e9troitement sur les priorit\u00e9s du FCDO en mati\u00e8re de changement climatique et de biodiversit\u00e9, de COVID-19 et de s\u00e9curit\u00e9 sanitaire mondiale, de science, de recherche et de technologie, et de pr\u00e9paration et de r\u00e9ponse humanitaires. Nous travaillons avec l'OCFD et d'autres organisations internationales,\u00a0<\/p>","protected":false},"author":1,"featured_media":0,"parent":0,"menu_order":0,"comment_status":"closed","ping_status":"closed","template":"","meta":{"_acf_changed":false,"footnotes":""},"class_list":["post-3306","page","type-page","status-publish","hentry"],"acf":[],"yoast_head":"<!-- This site is optimized with the Yoast SEO plugin v27.5 - https:\/\/yoast.com\/product\/yoast-seo-wordpress\/ -->\n<title>Providing Evidence to the Foreign, Commonwealth and Development Office - Social Science in Humanitarian Action Platform<\/title>\n<meta name=\"robots\" content=\"index, follow, max-snippet:-1, max-image-preview:large, max-video-preview:-1\" \/>\n<link rel=\"canonical\" href=\"https:\/\/www.socialscienceinaction.org\/fr\/fournir-des-preuves-au-bureau-etranger-du-commonwealth-et-du-developpement\/\" \/>\n<meta property=\"og:locale\" content=\"fr_FR\" \/>\n<meta property=\"og:type\" content=\"article\" \/>\n<meta property=\"og:title\" content=\"Providing Evidence to the Foreign, Commonwealth and Development Office - Social Science in Humanitarian Action Platform\" \/>\n<meta property=\"og:description\" content=\"The global pandemic has highlighted that today\u2019s crises are increasingly complex and interconnected, demonstrating a need to draw on interdisciplinary science\u00a0and find evidence-based solutions\u00a0to address\u00a0humanitarian emergencies. The Social Science and Humanitarian Action Platform (SSHAP)\u00a0focuses\u00a0on the social dimensions\u00a0of\u00a0public health, conflict, and environment emergencies.\u00a0Our\u00a0aim is to ensure that social science evidence\u00a0helps\u00a0to better prepare and respond\u00a0to crises\u00a0\u2013 with a focus\u00a0on the needs of the most vulnerable. Funded by\u00a0the UK\u00a0Foreign, Commonwealth and Development Office\u00a0(FCDO)\u00a0and the\u00a0Wellcome\u00a0Trust,\u00a0SSHAP is a partnership between the Institute of Development Studies,\u00a0Anthrologica\u00a0and the London School of Hygiene and Tropical Medicine.\u00a0We\u00a0align\u00a0closely\u00a0with FCDO priorities on climate change and biodiversity;\u00a0COVID-19\u00a0and global health security;\u00a0science,\u00a0research,\u00a0and\u00a0technology;\u00a0and humanitarian preparedness and response.\u00a0We work with the FCDO\u00a0and\u00a0other\u00a0international,\u00a0\" \/>\n<meta property=\"og:url\" content=\"https:\/\/www.socialscienceinaction.org\/fr\/fournir-des-preuves-au-bureau-etranger-du-commonwealth-et-du-developpement\/\" \/>\n<meta property=\"og:site_name\" content=\"Social Science in Humanitarian Action Platform\" \/>\n<meta property=\"article:modified_time\" content=\"2021-02-22T12:09:01+00:00\" \/>\n<meta name=\"twitter:card\" content=\"summary_large_image\" \/>\n<meta name=\"twitter:site\" content=\"@SSHAP_action\" \/>\n<meta name=\"twitter:label1\" content=\"Dur\u00e9e de lecture estim\u00e9e\" \/>\n\t<meta name=\"twitter:data1\" content=\"3 minutes\" \/>\n<script type=\"application\/ld+json\" class=\"yoast-schema-graph\">{\"@context\":\"https:\\\/\\\/schema.org\",\"@graph\":[{\"@type\":\"WebPage\",\"@id\":\"https:\\\/\\\/www.socialscienceinaction.org\\\/providing-evidence-to-the-foreign-commonwealth-and-development-office\\\/\",\"url\":\"https:\\\/\\\/www.socialscienceinaction.org\\\/providing-evidence-to-the-foreign-commonwealth-and-development-office\\\/\",\"name\":\"Providing Evidence to the Foreign, Commonwealth and Development Office - Social Science in Humanitarian Action Platform\",\"isPartOf\":{\"@id\":\"https:\\\/\\\/www.socialscienceinaction.org\\\/#website\"},\"datePublished\":\"2021-02-22T11:54:23+00:00\",\"dateModified\":\"2021-02-22T12:09:01+00:00\",\"breadcrumb\":{\"@id\":\"https:\\\/\\\/www.socialscienceinaction.org\\\/providing-evidence-to-the-foreign-commonwealth-and-development-office\\\/#breadcrumb\"},\"inLanguage\":\"fr-FR\",\"potentialAction\":[{\"@type\":\"ReadAction\",\"target\":[\"https:\\\/\\\/www.socialscienceinaction.org\\\/providing-evidence-to-the-foreign-commonwealth-and-development-office\\\/\"]}]},{\"@type\":\"BreadcrumbList\",\"@id\":\"https:\\\/\\\/www.socialscienceinaction.org\\\/providing-evidence-to-the-foreign-commonwealth-and-development-office\\\/#breadcrumb\",\"itemListElement\":[{\"@type\":\"ListItem\",\"position\":1,\"name\":\"Home\",\"item\":\"https:\\\/\\\/www.socialscienceinaction.org\\\/\"},{\"@type\":\"ListItem\",\"position\":2,\"name\":\"Providing Evidence to the Foreign, Commonwealth and Development Office\"}]},{\"@type\":\"WebSite\",\"@id\":\"https:\\\/\\\/www.socialscienceinaction.org\\\/#website\",\"url\":\"https:\\\/\\\/www.socialscienceinaction.org\\\/\",\"name\":\"Social Science in Humanitarian Action Platform\",\"description\":\"A Communication for Development Platform\",\"publisher\":{\"@id\":\"https:\\\/\\\/www.socialscienceinaction.org\\\/#organization\"},\"potentialAction\":[{\"@type\":\"SearchAction\",\"target\":{\"@type\":\"EntryPoint\",\"urlTemplate\":\"https:\\\/\\\/www.socialscienceinaction.org\\\/?s={search_term_string}\"},\"query-input\":{\"@type\":\"PropertyValueSpecification\",\"valueRequired\":true,\"valueName\":\"search_term_string\"}}],\"inLanguage\":\"fr-FR\"},{\"@type\":\"Organization\",\"@id\":\"https:\\\/\\\/www.socialscienceinaction.org\\\/#organization\",\"name\":\"Social Science in Humanitarian Action Platform\",\"url\":\"https:\\\/\\\/www.socialscienceinaction.org\\\/\",\"logo\":{\"@type\":\"ImageObject\",\"inLanguage\":\"fr-FR\",\"@id\":\"https:\\\/\\\/www.socialscienceinaction.org\\\/#\\\/schema\\\/logo\\\/image\\\/\",\"url\":\"https:\\\/\\\/www.socialscienceinaction.org\\\/wp-content\\\/uploads\\\/2020\\\/06\\\/SSHAP-logo-dark-stacked@3x.png\",\"contentUrl\":\"https:\\\/\\\/www.socialscienceinaction.org\\\/wp-content\\\/uploads\\\/2020\\\/06\\\/SSHAP-logo-dark-stacked@3x.png\",\"width\":204,\"height\":74,\"caption\":\"Social Science in Humanitarian Action Platform\"},\"image\":{\"@id\":\"https:\\\/\\\/www.socialscienceinaction.org\\\/#\\\/schema\\\/logo\\\/image\\\/\"},\"sameAs\":[\"https:\\\/\\\/x.com\\\/SSHAP_action\"]}]}<\/script>\n<!-- \/ Yoast SEO plugin. -->","yoast_head_json":{"title":"Fournir des preuves au Bureau des Affaires \u00e9trang\u00e8res, du Commonwealth et du D\u00e9veloppement - Plateforme des sciences sociales dans l&#039;action humanitaire","robots":{"index":"index","follow":"follow","max-snippet":"max-snippet:-1","max-image-preview":"max-image-preview:large","max-video-preview":"max-video-preview:-1"},"canonical":"https:\/\/www.socialscienceinaction.org\/fr\/fournir-des-preuves-au-bureau-etranger-du-commonwealth-et-du-developpement\/","og_locale":"fr_FR","og_type":"article","og_title":"Providing Evidence to the Foreign, Commonwealth and Development Office - Social Science in Humanitarian Action Platform","og_description":"The global pandemic has highlighted that today\u2019s crises are increasingly complex and interconnected, demonstrating a need to draw on interdisciplinary science\u00a0and find evidence-based solutions\u00a0to address\u00a0humanitarian emergencies. The Social Science and Humanitarian Action Platform (SSHAP)\u00a0focuses\u00a0on the social dimensions\u00a0of\u00a0public health, conflict, and environment emergencies.\u00a0Our\u00a0aim is to ensure that social science evidence\u00a0helps\u00a0to better prepare and respond\u00a0to crises\u00a0\u2013 with a focus\u00a0on the needs of the most vulnerable. Funded by\u00a0the UK\u00a0Foreign, Commonwealth and Development Office\u00a0(FCDO)\u00a0and the\u00a0Wellcome\u00a0Trust,\u00a0SSHAP is a partnership between the Institute of Development Studies,\u00a0Anthrologica\u00a0and the London School of Hygiene and Tropical Medicine.\u00a0We\u00a0align\u00a0closely\u00a0with FCDO priorities on climate change and biodiversity;\u00a0COVID-19\u00a0and global health security;\u00a0science,\u00a0research,\u00a0and\u00a0technology;\u00a0and humanitarian preparedness and response.\u00a0We work with the FCDO\u00a0and\u00a0other\u00a0international,\u00a0","og_url":"https:\/\/www.socialscienceinaction.org\/fr\/fournir-des-preuves-au-bureau-etranger-du-commonwealth-et-du-developpement\/","og_site_name":"Social Science in Humanitarian Action Platform","article_modified_time":"2021-02-22T12:09:01+00:00","twitter_card":"summary_large_image","twitter_site":"@SSHAP_action","twitter_misc":{"Dur\u00e9e de lecture estim\u00e9e":"3 minutes"},"schema":{"@context":"https:\/\/schema.org","@graph":[{"@type":"WebPage","@id":"https:\/\/www.socialscienceinaction.org\/providing-evidence-to-the-foreign-commonwealth-and-development-office\/","url":"https:\/\/www.socialscienceinaction.org\/providing-evidence-to-the-foreign-commonwealth-and-development-office\/","name":"Fournir des preuves au Bureau des Affaires \u00e9trang\u00e8res, du Commonwealth et du D\u00e9veloppement - Plateforme des sciences sociales dans l&#039;action humanitaire","isPartOf":{"@id":"https:\/\/www.socialscienceinaction.org\/#website"},"datePublished":"2021-02-22T11:54:23+00:00","dateModified":"2021-02-22T12:09:01+00:00","breadcrumb":{"@id":"https:\/\/www.socialscienceinaction.org\/providing-evidence-to-the-foreign-commonwealth-and-development-office\/#breadcrumb"},"inLanguage":"fr-FR","potentialAction":[{"@type":"ReadAction","target":["https:\/\/www.socialscienceinaction.org\/providing-evidence-to-the-foreign-commonwealth-and-development-office\/"]}]},{"@type":"BreadcrumbList","@id":"https:\/\/www.socialscienceinaction.org\/providing-evidence-to-the-foreign-commonwealth-and-development-office\/#breadcrumb","itemListElement":[{"@type":"ListItem","position":1,"name":"Home","item":"https:\/\/www.socialscienceinaction.org\/"},{"@type":"ListItem","position":2,"name":"Providing Evidence to the Foreign, Commonwealth and Development Office"}]},{"@type":"WebSite","@id":"https:\/\/www.socialscienceinaction.org\/#website","url":"https:\/\/www.socialscienceinaction.org\/","name":"Plateforme des sciences sociales dans l\u2019action humanitaire","description":"Une plateforme de communication pour le d\u00e9veloppement","publisher":{"@id":"https:\/\/www.socialscienceinaction.org\/#organization"},"potentialAction":[{"@type":"SearchAction","target":{"@type":"EntryPoint","urlTemplate":"https:\/\/www.socialscienceinaction.org\/?s={search_term_string}"},"query-input":{"@type":"PropertyValueSpecification","valueRequired":true,"valueName":"search_term_string"}}],"inLanguage":"fr-FR"},{"@type":"Organization","@id":"https:\/\/www.socialscienceinaction.org\/#organization","name":"Plateforme des sciences sociales dans l\u2019action humanitaire","url":"https:\/\/www.socialscienceinaction.org\/","logo":{"@type":"ImageObject","inLanguage":"fr-FR","@id":"https:\/\/www.socialscienceinaction.org\/#\/schema\/logo\/image\/","url":"https:\/\/www.socialscienceinaction.org\/wp-content\/uploads\/2020\/06\/SSHAP-logo-dark-stacked@3x.png","contentUrl":"https:\/\/www.socialscienceinaction.org\/wp-content\/uploads\/2020\/06\/SSHAP-logo-dark-stacked@3x.png","width":204,"height":74,"caption":"Social Science in Humanitarian Action Platform"},"image":{"@id":"https:\/\/www.socialscienceinaction.org\/#\/schema\/logo\/image\/"},"sameAs":["https:\/\/x.com\/SSHAP_action"]}]}},"_links":{"self":[{"href":"https:\/\/www.socialscienceinaction.org\/fr\/wp-json\/wp\/v2\/pages\/3306","targetHints":{"allow":["GET"]}}],"collection":[{"href":"https:\/\/www.socialscienceinaction.org\/fr\/wp-json\/wp\/v2\/pages"}],"about":[{"href":"https:\/\/www.socialscienceinaction.org\/fr\/wp-json\/wp\/v2\/types\/page"}],"author":[{"embeddable":true,"href":"https:\/\/www.socialscienceinaction.org\/fr\/wp-json\/wp\/v2\/users\/1"}],"replies":[{"embeddable":true,"href":"https:\/\/www.socialscienceinaction.org\/fr\/wp-json\/wp\/v2\/comments?post=3306"}],"version-history":[{"count":0,"href":"https:\/\/www.socialscienceinaction.org\/fr\/wp-json\/wp\/v2\/pages\/3306\/revisions"}],"wp:attachment":[{"href":"https:\/\/www.socialscienceinaction.org\/fr\/wp-json\/wp\/v2\/media?parent=3306"}],"curies":[{"name":"wp","href":"https:\/\/api.w.org\/{rel}","templated":true}]}}