{"id":3978,"date":"2022-12-15T12:40:49","date_gmt":"2022-12-15T12:40:49","guid":{"rendered":"https:\/\/www.socialscienceinaction.org\/?page_id=3978"},"modified":"2025-04-14T16:59:49","modified_gmt":"2025-04-14T16:59:49","slug":"camaraderie","status":"publish","type":"page","link":"https:\/\/www.socialscienceinaction.org\/fr\/fellowship\/","title":{"rendered":"Bourses d\u2019\u00e9tudes"},"content":{"rendered":"<p>Le programme de bourses de la Plateforme des sciences sociales dans l&#039;action humanitaire (SSHAP) s&#039;adresse aux futurs leaders des sciences sociales qui cherchent \u00e0 appliquer leurs connaissances aux urgences humanitaires de mani\u00e8re pertinente au niveau local.<\/p>\n<p>Le programme de bourses SSHAP joue un r\u00f4le cl\u00e9 en aidant \u00e0 r\u00e9aliser le travail du SSHAP visant \u00e0 encourager des r\u00e9ponses d&#039;urgence efficaces, adaptatives, contextuellement inform\u00e9es et bas\u00e9es sur des sciences et des preuves sociales et interdisciplinaires.<\/p>\n<p>Lanc\u00e9 en f\u00e9vrier 2021, le programme associe des sp\u00e9cialistes des sciences sociales \u00e0 des praticiens de la m\u00eame r\u00e9gion pour faciliter et encourager la collaboration interdisciplinaire et l&#039;\u00e9change de connaissances.<\/p>\n<p>Les boursiers SSHAP b\u00e9n\u00e9ficient d\u2019une collaboration \u00e9troite avec des penseurs et praticiens de premier plan du partenariat SSHAP et d\u2019un programme de formation professionnelle sur mesure.<\/p>\n<p><a href=\"https:\/\/www.socialscienceinaction.org\/fr\/camarades\/\" target=\"_blank\" rel=\"noopener\">Soixante et onze chercheurs en sciences sociales et praticiens<\/a> du monde entier ont jusqu'\u00e0 pr\u00e9sent particip\u00e9 au programme de bourses du SSHAP, qui organisera son premier programme de bourses francophones en 2022. Entre f\u00e9vrier et avril 2024, <a href=\"https:\/\/www.socialscienceinaction.org\/fr\/camarades\/#arabic-language-fellows-february-2024-to-april-2024\">12 boursiers ont particip\u00e9 \u00e0 la premi\u00e8re bourse de langue arabe<\/a>.<\/p>","protected":false},"excerpt":{"rendered":"<p>Le programme de bourses de la Plateforme des sciences sociales dans l&#039;action humanitaire (SSHAP) s&#039;adresse aux futurs leaders des sciences sociales qui cherchent \u00e0 appliquer leurs connaissances aux urgences humanitaires de mani\u00e8re pertinente au niveau local.<br \/>\nLe programme de bourses SSHAP joue un r\u00f4le cl\u00e9 en aidant \u00e0 r\u00e9aliser le travail du SSHAP visant \u00e0 encourager des r\u00e9ponses d&#039;urgence efficaces, adaptatives, contextuellement inform\u00e9es et bas\u00e9es sur des sciences et des preuves sociales et interdisciplinaires.<br \/>\nLanc\u00e9 en f\u00e9vrier 2021, le programme associe des sp\u00e9cialistes des sciences sociales \u00e0 des praticiens de la m\u00eame r\u00e9gion pour faciliter et encourager la collaboration interdisciplinaire et l&#039;\u00e9change de connaissances.<br \/>\nLes boursiers SSHAP b\u00e9n\u00e9ficient d\u2019une collaboration \u00e9troite avec des penseurs et praticiens de premier plan du partenariat SSHAP et d\u2019un programme de formation professionnelle sur mesure.<br \/>\nSoixante et onze chercheurs en sciences sociales et praticiens du monde entier ont jusqu'\u00e0 pr\u00e9sent particip\u00e9 au programme de bourses du SSHAP, qui organisera son premier programme de bourses francophones en 2022. Entre f\u00e9vrier et avril 2024,<\/p>","protected":false},"author":1,"featured_media":0,"parent":0,"menu_order":0,"comment_status":"closed","ping_status":"closed","template":"","meta":{"_acf_changed":false,"footnotes":""},"class_list":["post-3978","page","type-page","status-publish","hentry","cta-share-thoughts"],"acf":[],"yoast_head":"<!-- This site is optimized with the Yoast SEO plugin v27.2 - https:\/\/yoast.com\/product\/yoast-seo-wordpress\/ -->\n<title>Fellowship - Social Science in Humanitarian Action Platform<\/title>\n<meta name=\"description\" content=\"The Social Science in Humanitarian Action Platform (SSHAP) Fellowship Programme is for future leaders in social science seeking to apply their knowledge to humanitarian emergencies in locally relevant ways.The SSHAP Fellowship Programme plays a key role in helping to realise SSHAP\u2019s work to encourage emergency responses which are effective, adaptive, contextually informed and based on social and interdisciplinary science and evidence.\" \/>\n<meta name=\"robots\" content=\"index, follow, max-snippet:-1, max-image-preview:large, max-video-preview:-1\" \/>\n<link rel=\"canonical\" href=\"https:\/\/www.socialscienceinaction.org\/fr\/camaraderie\/\" \/>\n<meta property=\"og:locale\" content=\"fr_FR\" \/>\n<meta property=\"og:type\" content=\"article\" \/>\n<meta property=\"og:title\" content=\"Fellowship - Social Science in Humanitarian Action Platform\" \/>\n<meta property=\"og:description\" content=\"The Social Science in Humanitarian Action Platform (SSHAP) Fellowship Programme is for future leaders in social science seeking to apply their knowledge to humanitarian emergencies in locally relevant ways.The SSHAP Fellowship Programme plays a key role in helping to realise SSHAP\u2019s work to encourage emergency responses which are effective, adaptive, contextually informed and based on social and interdisciplinary science and evidence.\" \/>\n<meta property=\"og:url\" content=\"https:\/\/www.socialscienceinaction.org\/fr\/camaraderie\/\" \/>\n<meta property=\"og:site_name\" content=\"Social Science in Humanitarian Action Platform\" \/>\n<meta property=\"article:modified_time\" content=\"2025-04-14T16:59:49+00:00\" \/>\n<meta name=\"twitter:card\" content=\"summary_large_image\" \/>\n<meta name=\"twitter:site\" content=\"@SSHAP_action\" \/>\n<meta name=\"twitter:label1\" content=\"Dur\u00e9e de lecture estim\u00e9e\" \/>\n\t<meta name=\"twitter:data1\" content=\"1 minute\" \/>\n<script type=\"application\/ld+json\" class=\"yoast-schema-graph\">{\"@context\":\"https:\/\/schema.org\",\"@graph\":[{\"@type\":\"WebPage\",\"@id\":\"https:\/\/www.socialscienceinaction.org\/fellowship\/\",\"url\":\"https:\/\/www.socialscienceinaction.org\/fellowship\/\",\"name\":\"Fellowship - Social Science in Humanitarian Action Platform\",\"isPartOf\":{\"@id\":\"https:\/\/www.socialscienceinaction.org\/#website\"},\"datePublished\":\"2022-12-15T12:40:49+00:00\",\"dateModified\":\"2025-04-14T16:59:49+00:00\",\"description\":\"The Social Science in Humanitarian Action Platform (SSHAP) Fellowship Programme is for future leaders in social science seeking to apply their knowledge to humanitarian emergencies in locally relevant ways.The SSHAP Fellowship Programme plays a key role in helping to realise SSHAP\u2019s work to encourage emergency responses which are effective, adaptive, contextually informed and based on social and interdisciplinary science and evidence.\",\"breadcrumb\":{\"@id\":\"https:\/\/www.socialscienceinaction.org\/fellowship\/#breadcrumb\"},\"inLanguage\":\"fr-FR\",\"potentialAction\":[{\"@type\":\"ReadAction\",\"target\":[\"https:\/\/www.socialscienceinaction.org\/fellowship\/\"]}]},{\"@type\":\"BreadcrumbList\",\"@id\":\"https:\/\/www.socialscienceinaction.org\/fellowship\/#breadcrumb\",\"itemListElement\":[{\"@type\":\"ListItem\",\"position\":1,\"name\":\"Home\",\"item\":\"https:\/\/www.socialscienceinaction.org\/\"},{\"@type\":\"ListItem\",\"position\":2,\"name\":\"Fellowship\"}]},{\"@type\":\"WebSite\",\"@id\":\"https:\/\/www.socialscienceinaction.org\/#website\",\"url\":\"https:\/\/www.socialscienceinaction.org\/\",\"name\":\"Social Science in Humanitarian Action Platform\",\"description\":\"A Communication for Development Platform\",\"publisher\":{\"@id\":\"https:\/\/www.socialscienceinaction.org\/#organization\"},\"potentialAction\":[{\"@type\":\"SearchAction\",\"target\":{\"@type\":\"EntryPoint\",\"urlTemplate\":\"https:\/\/www.socialscienceinaction.org\/?s={search_term_string}\"},\"query-input\":{\"@type\":\"PropertyValueSpecification\",\"valueRequired\":true,\"valueName\":\"search_term_string\"}}],\"inLanguage\":\"fr-FR\"},{\"@type\":\"Organization\",\"@id\":\"https:\/\/www.socialscienceinaction.org\/#organization\",\"name\":\"Social Science in Humanitarian Action Platform\",\"url\":\"https:\/\/www.socialscienceinaction.org\/\",\"logo\":{\"@type\":\"ImageObject\",\"inLanguage\":\"fr-FR\",\"@id\":\"https:\/\/www.socialscienceinaction.org\/#\/schema\/logo\/image\/\",\"url\":\"https:\/\/www.socialscienceinaction.org\/wp-content\/uploads\/2020\/06\/SSHAP-logo-dark-stacked@3x.png\",\"contentUrl\":\"https:\/\/www.socialscienceinaction.org\/wp-content\/uploads\/2020\/06\/SSHAP-logo-dark-stacked@3x.png\",\"width\":204,\"height\":74,\"caption\":\"Social Science in Humanitarian Action Platform\"},\"image\":{\"@id\":\"https:\/\/www.socialscienceinaction.org\/#\/schema\/logo\/image\/\"},\"sameAs\":[\"https:\/\/x.com\/SSHAP_action\"]}]}<\/script>\n<!-- \/ Yoast SEO plugin. -->","yoast_head_json":{"title":"Bourse - Plateforme des sciences sociales dans l&#039;action humanitaire","description":"Le programme de bourses de la Plateforme des sciences sociales dans l&#039;action humanitaire (SSHAP) s&#039;adresse aux futurs leaders des sciences sociales qui cherchent \u00e0 appliquer leurs connaissances aux urgences humanitaires de mani\u00e8re pertinente au niveau local. Le programme de bourses SSHAP joue un r\u00f4le cl\u00e9 en aidant \u00e0 r\u00e9aliser le travail de la SSHAP pour encourager les interventions d&#039;urgence. qui sont efficaces, adaptatifs, contextuellement inform\u00e9s et bas\u00e9s sur des sciences et des preuves sociales et interdisciplinaires.","robots":{"index":"index","follow":"follow","max-snippet":"max-snippet:-1","max-image-preview":"max-image-preview:large","max-video-preview":"max-video-preview:-1"},"canonical":"https:\/\/www.socialscienceinaction.org\/fr\/camaraderie\/","og_locale":"fr_FR","og_type":"article","og_title":"Fellowship - Social Science in Humanitarian Action Platform","og_description":"The Social Science in Humanitarian Action Platform (SSHAP) Fellowship Programme is for future leaders in social science seeking to apply their knowledge to humanitarian emergencies in locally relevant ways.The SSHAP Fellowship Programme plays a key role in helping to realise SSHAP\u2019s work to encourage emergency responses which are effective, adaptive, contextually informed and based on social and interdisciplinary science and evidence.","og_url":"https:\/\/www.socialscienceinaction.org\/fr\/camaraderie\/","og_site_name":"Social Science in Humanitarian Action Platform","article_modified_time":"2025-04-14T16:59:49+00:00","twitter_card":"summary_large_image","twitter_site":"@SSHAP_action","twitter_misc":{"Dur\u00e9e de lecture estim\u00e9e":"1 minute"},"schema":{"@context":"https:\/\/schema.org","@graph":[{"@type":"WebPage","@id":"https:\/\/www.socialscienceinaction.org\/fellowship\/","url":"https:\/\/www.socialscienceinaction.org\/fellowship\/","name":"Bourse - Plateforme des sciences sociales dans l&#039;action humanitaire","isPartOf":{"@id":"https:\/\/www.socialscienceinaction.org\/#website"},"datePublished":"2022-12-15T12:40:49+00:00","dateModified":"2025-04-14T16:59:49+00:00","description":"Le programme de bourses de la Plateforme des sciences sociales dans l&#039;action humanitaire (SSHAP) s&#039;adresse aux futurs leaders des sciences sociales qui cherchent \u00e0 appliquer leurs connaissances aux urgences humanitaires de mani\u00e8re pertinente au niveau local. Le programme de bourses SSHAP joue un r\u00f4le cl\u00e9 en aidant \u00e0 r\u00e9aliser le travail de la SSHAP pour encourager les interventions d&#039;urgence. qui sont efficaces, adaptatifs, contextuellement inform\u00e9s et bas\u00e9s sur des sciences et des preuves sociales et interdisciplinaires.","breadcrumb":{"@id":"https:\/\/www.socialscienceinaction.org\/fellowship\/#breadcrumb"},"inLanguage":"fr-FR","potentialAction":[{"@type":"ReadAction","target":["https:\/\/www.socialscienceinaction.org\/fellowship\/"]}]},{"@type":"BreadcrumbList","@id":"https:\/\/www.socialscienceinaction.org\/fellowship\/#breadcrumb","itemListElement":[{"@type":"ListItem","position":1,"name":"Home","item":"https:\/\/www.socialscienceinaction.org\/"},{"@type":"ListItem","position":2,"name":"Fellowship"}]},{"@type":"WebSite","@id":"https:\/\/www.socialscienceinaction.org\/#website","url":"https:\/\/www.socialscienceinaction.org\/","name":"Plateforme des sciences sociales dans l\u2019action humanitaire","description":"Une plateforme de communication pour le d\u00e9veloppement","publisher":{"@id":"https:\/\/www.socialscienceinaction.org\/#organization"},"potentialAction":[{"@type":"SearchAction","target":{"@type":"EntryPoint","urlTemplate":"https:\/\/www.socialscienceinaction.org\/?s={search_term_string}"},"query-input":{"@type":"PropertyValueSpecification","valueRequired":true,"valueName":"search_term_string"}}],"inLanguage":"fr-FR"},{"@type":"Organization","@id":"https:\/\/www.socialscienceinaction.org\/#organization","name":"Plateforme des sciences sociales dans l\u2019action humanitaire","url":"https:\/\/www.socialscienceinaction.org\/","logo":{"@type":"ImageObject","inLanguage":"fr-FR","@id":"https:\/\/www.socialscienceinaction.org\/#\/schema\/logo\/image\/","url":"https:\/\/www.socialscienceinaction.org\/wp-content\/uploads\/2020\/06\/SSHAP-logo-dark-stacked@3x.png","contentUrl":"https:\/\/www.socialscienceinaction.org\/wp-content\/uploads\/2020\/06\/SSHAP-logo-dark-stacked@3x.png","width":204,"height":74,"caption":"Social Science in Humanitarian Action Platform"},"image":{"@id":"https:\/\/www.socialscienceinaction.org\/#\/schema\/logo\/image\/"},"sameAs":["https:\/\/x.com\/SSHAP_action"]}]}},"_links":{"self":[{"href":"https:\/\/www.socialscienceinaction.org\/fr\/wp-json\/wp\/v2\/pages\/3978","targetHints":{"allow":["GET"]}}],"collection":[{"href":"https:\/\/www.socialscienceinaction.org\/fr\/wp-json\/wp\/v2\/pages"}],"about":[{"href":"https:\/\/www.socialscienceinaction.org\/fr\/wp-json\/wp\/v2\/types\/page"}],"author":[{"embeddable":true,"href":"https:\/\/www.socialscienceinaction.org\/fr\/wp-json\/wp\/v2\/users\/1"}],"replies":[{"embeddable":true,"href":"https:\/\/www.socialscienceinaction.org\/fr\/wp-json\/wp\/v2\/comments?post=3978"}],"version-history":[{"count":0,"href":"https:\/\/www.socialscienceinaction.org\/fr\/wp-json\/wp\/v2\/pages\/3978\/revisions"}],"wp:attachment":[{"href":"https:\/\/www.socialscienceinaction.org\/fr\/wp-json\/wp\/v2\/media?parent=3978"}],"curies":[{"name":"wp","href":"https:\/\/api.w.org\/{rel}","templated":true}]}}