{"id":4,"date":"2017-01-06T14:20:15","date_gmt":"2017-01-06T14:20:15","guid":{"rendered":"http:\/\/localhost\/socialscienceinaction\/?page_id=4"},"modified":"2025-02-20T16:01:14","modified_gmt":"2025-02-20T16:01:14","slug":"a-propos","status":"publish","type":"page","link":"https:\/\/www.socialscienceinaction.org\/fr\/about\/","title":{"rendered":"\u00c0 propos"},"content":{"rendered":"<p>Notre monde conna\u00eet des crises d'une ampleur et d'un nombre sans pr\u00e9c\u00e9dent. Les situations d'urgence li\u00e9es \u00e0 la sant\u00e9, aux conflits et \u00e0 l'environnement se multiplient. Le changement climatique a un impact, ajoutant une nouvelle dimension aux causes anciennes de souffrance humaine telles que les \u00e9pid\u00e9mies et les catastrophes naturelles. Les tensions communautaires et la concurrence pour les ressources, les guerres et les migrations forc\u00e9es continuent d'affecter de nombreuses populations.<\/p>\n<p>Les crises sont de plus en plus multiples et interconnect\u00e9es, ce qui cr\u00e9e des situations extr\u00eamement complexes pour les intervenants d'urgence.<\/p>\n<p>Lorsque les gens sont pris dans une crise, ils ont besoin de r\u00e9ponses rapides et adapt\u00e9es \u00e0 leur situation. Les sciences sociales et les connaissances comportementales sont essentielles pour \u00e9clairer ces r\u00e9ponses. La plateforme des sciences sociales dans l'action humanitaire (SSHAP) fournit des connaissances en sciences sociales et des analyses personnalis\u00e9es qui peuvent \u00eatre rapidement et pleinement int\u00e9gr\u00e9es dans des r\u00e9ponses d'urgence rapides et inform\u00e9es au niveau local.<\/p>\n<div class=\"responsive-iframe-container\"><iframe loading=\"lazy\" src=\"https:\/\/1drv.ms\/p\/s!AgXbnxgAkqOgaZPIYU6IP7K_xMY?embed=1&amp;em=2&amp;wdAr=1.7777777777777777\" width=\"876px\" height=\"492px\" frameborder=\"0\">Il s'agit d'un fichier int\u00e9gr\u00e9 <a target=\"_blank\" href=\"https:\/\/office.com\">Microsoft Office<\/a> pr\u00e9sentation, aliment\u00e9e par <a target=\"_blank\" href=\"https:\/\/office.com\/webapps\">Bureau<\/a>.<\/iframe><\/div>\n<ul>\n<li><strong><a href=\"https:\/\/www.socialscienceinaction.org\/wp-content\/uploads\/2025\/02\/SSHAP_slides_AboutUs_Jan2025.pdf\">T\u00e9l\u00e9charger les diapositives<\/a> (<\/strong>1.4 MB PDF)<\/li>\n<\/ul>\n<p>Notre mission est de fournir des donn\u00e9es probantes sur demande, de renforcer les capacit\u00e9s et de cr\u00e9er des espaces de travail en r\u00e9seau sur les situations d'urgence li\u00e9es \u00e0 la sant\u00e9, aux conflits et \u00e0 l'environnement. Nous concentrons nos efforts sur l'exploration de l'\u00e9conomie politique, de l'engagement communautaire, des logiques culturelles, des diff\u00e9rences sociales et des vuln\u00e9rabilit\u00e9s de ces situations d'urgence. La pand\u00e9mie de COVID-19 a d\u00e9montr\u00e9 la n\u00e9cessit\u00e9 de s'appuyer sur la science interdisciplinaire et de trouver des solutions aux urgences humanitaires fond\u00e9es sur des preuves solides.<\/p>\n<p>Notre vision est celle de r\u00e9ponses aux situations d'urgence qui soient efficaces, adaptatives, \u00e9clair\u00e9es par le contexte et sensibles aux vuln\u00e9rabilit\u00e9s et aux relations de pouvoir. Plus important encore, nous envisageons un avenir o\u00f9 toutes les r\u00e9ponses sont planifi\u00e9es en consultation avec les communaut\u00e9s affect\u00e9es et les institutions locales, et bas\u00e9es sur des sciences sociales et interdisciplinaires et des preuves.<\/p>\n<p>SSHAP est un partenariat entre le\u00a0<a href=\"https:\/\/www.ids.ac.uk\/\">Institut d&#039;\u00e9tudes sur le d\u00e9veloppement<\/a>,\u00a0<a href=\"https:\/\/eur02.safelinks.protection.outlook.com\/?url=https%3A%2F%2Fwww.anthrologica.com%2F&amp;data=05%7C01%7CA.Fenton%40ids.ac.uk%7C5b7ac7e8b7004ee0ccee08dab1dd61d0%7Ce78be64af7754a2e9ec85e66e224b88f%7C0%7C0%7C638017861681953847%7CUnknown%7CTWFpbGZsb3d8eyJWIjoiMC4wLjAwMDAiLCJQIjoiV2luMzIiLCJBTiI6Ik1haWwiLCJXVCI6Mn0%3D%7C3000%7C%7C%7C&amp;sdata=42C5%2BpZ3HxFM31I8qUzeDdRzQB76ZE8YwzM686wtTd4%3D&amp;reserved=0\">Anthrologie\u00a0<\/a>,\u00a0<a href=\"https:\/\/eur02.safelinks.protection.outlook.com\/?url=https%3A%2F%2Fgu.ac.ug%2F&amp;data=05%7C01%7CA.Fenton%40ids.ac.uk%7C5b7ac7e8b7004ee0ccee08dab1dd61d0%7Ce78be64af7754a2e9ec85e66e224b88f%7C0%7C0%7C638017861681953847%7CUnknown%7CTWFpbGZsb3d8eyJWIjoiMC4wLjAwMDAiLCJQIjoiV2luMzIiLCJBTiI6Ik1haWwiLCJXVCI6Mn0%3D%7C3000%7C%7C%7C&amp;sdata=FV8Rh09yEHPuNe1c%2Byggd14XWRrjxPQdHAGh80e8RVI%3D&amp;reserved=0\">Universit\u00e9 de Gulu<\/a>,\u00a0<a href=\"https:\/\/gecshceruki.org\/\">Le Groupe d&#039;Etudes sur les Conflits et la S\u00e9curit\u00e9 Humaine (GEC-SH)<\/a>,\u00a0<a href=\"https:\/\/eur02.safelinks.protection.outlook.com\/?url=https%3A%2F%2Fwww.lshtm.ac.uk%2F&amp;data=05%7C01%7CA.Fenton%40ids.ac.uk%7C5b7ac7e8b7004ee0ccee08dab1dd61d0%7Ce78be64af7754a2e9ec85e66e224b88f%7C0%7C0%7C638017861681953847%7CUnknown%7CTWFpbGZsb3d8eyJWIjoiMC4wLjAwMDAiLCJQIjoiV2luMzIiLCJBTiI6Ik1haWwiLCJXVCI6Mn0%3D%7C3000%7C%7C%7C&amp;sdata=oENGh4bBnHRalXZPYl3F3QsnxOHbFaB1OEgM1QcncR8%3D&amp;reserved=0\">\u00c9cole d&#039;hygi\u00e8ne et de m\u00e9decine tropicale de Londres<\/a>,\u00a0<a href=\"https:\/\/eur02.safelinks.protection.outlook.com\/?url=https%3A%2F%2Fuoj.edu.ss%2F&amp;data=05%7C01%7CA.Fenton%40ids.ac.uk%7C5b7ac7e8b7004ee0ccee08dab1dd61d0%7Ce78be64af7754a2e9ec85e66e224b88f%7C0%7C0%7C638017861682110089%7CUnknown%7CTWFpbGZsb3d8eyJWIjoiMC4wLjAwMDAiLCJQIjoiV2luMzIiLCJBTiI6Ik1haWwiLCJXVCI6Mn0%3D%7C3000%7C%7C%7C&amp;sdata=K9HV48z%2FT2wRBIahFkk7ouvEtr%2BUP1NvMdzDhrpsCLU%3D&amp;reserved=0\">Universit\u00e9 de Juba<\/a>,\u00a0<a href=\"https:\/\/crcf.sn\/\">CRCF S\u00e9n\u00e9gal<\/a>,\u00a0<a href=\"https:\/\/eur02.safelinks.protection.outlook.com\/?url=https%3A%2F%2Fwww.ui.edu.ng%2F&amp;data=05%7C01%7CA.Fenton%40ids.ac.uk%7C9d6b56736bba49af835308db18c7e452%7Ce78be64af7754a2e9ec85e66e224b88f%7C0%7C0%7C638131019029396498%7CUnknown%7CTWFpbGZsb3d8eyJWIjoiMC4wLjAwMDAiLCJQIjoiV2luMzIiLCJBTiI6Ik1haWwiLCJXVCI6Mn0%3D%7C3000%7C%7C%7C&amp;sdata=cr9xB89v87aDAm4t%2FB6%2FlOogQRPxrGYOxzjKd%2BbOmks%3D&amp;reserved=0\">Universit\u00e9 d&#039;Ibadan\u00a0<\/a>et le\u00a0<a href=\"https:\/\/eur02.safelinks.protection.outlook.com\/?url=https%3A%2F%2Fwww.slurc.org%2F&amp;data=05%7C01%7CA.Fenton%40ids.ac.uk%7C9d6b56736bba49af835308db18c7e452%7Ce78be64af7754a2e9ec85e66e224b88f%7C0%7C0%7C638131019029396498%7CUnknown%7CTWFpbGZsb3d8eyJWIjoiMC4wLjAwMDAiLCJQIjoiV2luMzIiLCJBTiI6Ik1haWwiLCJXVCI6Mn0%3D%7C3000%7C%7C%7C&amp;sdata=7CXjHN5gw7zQznc%2BEY7kEfvEOuET5cOjiAZawwlIyws%3D&amp;reserved=0\">Centre de recherche urbaine de la Sierra Leone<\/a>.<\/p>\n<p>SSHAP est soutenu par <a href=\"https:\/\/eur02.safelinks.protection.outlook.com\/?url=https%3A%2F%2Fwellcome.ac.uk%2F&amp;data=05%7C01%7CA.Fenton%40ids.ac.uk%7C5b7ac7e8b7004ee0ccee08dab1dd61d0%7Ce78be64af7754a2e9ec85e66e224b88f%7C0%7C0%7C638017861682110089%7CUnknown%7CTWFpbGZsb3d8eyJWIjoiMC4wLjAwMDAiLCJQIjoiV2luMzIiLCJBTiI6Ik1haWwiLCJXVCI6Mn0%3D%7C3000%7C%7C%7C&amp;sdata=xOPldTEaLUmmYLDIoMmDJZo9PuWgTrDnEhEhqzGGh%2Fs%3D&amp;reserved=0\" target=\"_blank\" rel=\"noopener\">Bienvenue <\/a>(225449\/Z\/22\/Z) et les <a href=\"https:\/\/eur02.safelinks.protection.outlook.com\/?url=https%3A%2F%2Fwww.gov.uk%2Fgovernment%2Forganisations%2Fforeign-commonwealth-development-office&amp;data=05%7C01%7CA.Fenton%40ids.ac.uk%7C5b7ac7e8b7004ee0ccee08dab1dd61d0%7Ce78be64af7754a2e9ec85e66e224b88f%7C0%7C0%7C638017861682110089%7CUnknown%7CTWFpbGZsb3d8eyJWIjoiMC4wLjAwMDAiLCJQIjoiV2luMzIiLCJBTiI6Ik1haWwiLCJXVCI6Mn0%3D%7C3000%7C%7C%7C&amp;sdata=7VIt3VnPuRj%2F9wP2C89RX%2BkcZbcfjkAJkhzxW%2Bhvi1Q%3D&amp;reserved=0\" target=\"_blank\" rel=\"noopener\">Bureau des affaires \u00e9trang\u00e8res, du Commonwealth et du d\u00e9veloppement du Royaume-Uni, <\/a>avec un financement ant\u00e9rieur de <a href=\"https:\/\/www.unicef.org.uk\/\" target=\"_blank\" rel=\"noopener\">UNICEF.<\/a><\/p>\n<h2 class=\"contact-form\">Connecter<\/h2>","protected":false},"excerpt":{"rendered":"<p>Notre monde conna\u00eet des crises d'une ampleur et d'un nombre sans pr\u00e9c\u00e9dent. Les situations d'urgence li\u00e9es \u00e0 la sant\u00e9, aux conflits et \u00e0 l'environnement se multiplient. Le changement climatique a un impact, ajoutant une nouvelle dimension aux causes anciennes de souffrance humaine telles que les \u00e9pid\u00e9mies et les catastrophes naturelles. Les tensions communautaires et la concurrence pour les ressources, les guerres et les migrations forc\u00e9es continuent d'affecter de nombreuses populations.<br \/>\nLes crises sont de plus en plus multiples et interconnect\u00e9es, ce qui cr\u00e9e des situations extr\u00eamement complexes pour les intervenants d'urgence.<br \/>\nLorsque les gens sont pris dans une crise, ils ont besoin de r\u00e9ponses rapides et adapt\u00e9es \u00e0 leur situation. Les sciences sociales et les connaissances comportementales sont essentielles pour \u00e9clairer ces r\u00e9ponses. La plateforme des sciences sociales dans l'action humanitaire (SSHAP) fournit des connaissances en sciences sociales et des analyses personnalis\u00e9es qui peuvent \u00eatre rapidement et pleinement int\u00e9gr\u00e9es dans des r\u00e9ponses d'urgence rapides et inform\u00e9es au niveau local.<br \/>\nIl s'agit d'une pr\u00e9sentation Microsoft Office int\u00e9gr\u00e9e, optimis\u00e9e par Office.<\/p>","protected":false},"author":1,"featured_media":0,"parent":0,"menu_order":0,"comment_status":"closed","ping_status":"closed","template":"","meta":{"_acf_changed":false,"footnotes":""},"class_list":["post-4","page","type-page","status-publish","hentry","cta-connect-with-sshap-cta","cta-all-emergency-responses"],"acf":[],"yoast_head":"<!-- This site is optimized with the Yoast SEO plugin v27.2 - https:\/\/yoast.com\/product\/yoast-seo-wordpress\/ -->\n<title>About - Social Science in Humanitarian Action Platform<\/title>\n<meta name=\"description\" content=\"The Social Science in Humanitarian Action Platform (SSHAP) is a programme of work focusing on the social dimensions of emergency responses.We provide evidence on demand, capacity-building, and networking spaces on emergencies that relate to health, conflict or the environment. We focus our efforts on exploring the political economy, community engagement and cultural logics, social difference and vulnerabilities of those emergencies.\" \/>\n<meta name=\"robots\" content=\"index, follow, max-snippet:-1, max-image-preview:large, max-video-preview:-1\" \/>\n<link rel=\"canonical\" href=\"https:\/\/www.socialscienceinaction.org\/fr\/a-propos\/\" \/>\n<meta property=\"og:locale\" content=\"fr_FR\" \/>\n<meta property=\"og:type\" content=\"article\" \/>\n<meta property=\"og:title\" content=\"About - Social Science in Humanitarian Action Platform\" \/>\n<meta property=\"og:description\" content=\"The Social Science in Humanitarian Action Platform (SSHAP) is a programme of work focusing on the social dimensions of emergency responses.We provide evidence on demand, capacity-building, and networking spaces on emergencies that relate to health, conflict or the environment. We focus our efforts on exploring the political economy, community engagement and cultural logics, social difference and vulnerabilities of those emergencies.\" \/>\n<meta property=\"og:url\" content=\"https:\/\/www.socialscienceinaction.org\/fr\/a-propos\/\" \/>\n<meta property=\"og:site_name\" content=\"Social Science in Humanitarian Action Platform\" \/>\n<meta property=\"article:modified_time\" content=\"2025-02-20T16:01:14+00:00\" \/>\n<meta name=\"twitter:card\" content=\"summary_large_image\" \/>\n<meta name=\"twitter:site\" content=\"@SSHAP_action\" \/>\n<meta name=\"twitter:label1\" content=\"Dur\u00e9e de lecture estim\u00e9e\" \/>\n\t<meta name=\"twitter:data1\" content=\"2 minutes\" \/>\n<script type=\"application\/ld+json\" class=\"yoast-schema-graph\">{\"@context\":\"https:\/\/schema.org\",\"@graph\":[{\"@type\":\"WebPage\",\"@id\":\"https:\/\/www.socialscienceinaction.org\/about\/\",\"url\":\"https:\/\/www.socialscienceinaction.org\/about\/\",\"name\":\"About - Social Science in Humanitarian Action Platform\",\"isPartOf\":{\"@id\":\"https:\/\/www.socialscienceinaction.org\/#website\"},\"datePublished\":\"2017-01-06T14:20:15+00:00\",\"dateModified\":\"2025-02-20T16:01:14+00:00\",\"description\":\"The Social Science in Humanitarian Action Platform (SSHAP) is a programme of work focusing on the social dimensions of emergency responses.We provide evidence on demand, capacity-building, and networking spaces on emergencies that relate to health, conflict or the environment. We focus our efforts on exploring the political economy, community engagement and cultural logics, social difference and vulnerabilities of those emergencies.\",\"breadcrumb\":{\"@id\":\"https:\/\/www.socialscienceinaction.org\/about\/#breadcrumb\"},\"inLanguage\":\"fr-FR\",\"potentialAction\":[{\"@type\":\"ReadAction\",\"target\":[\"https:\/\/www.socialscienceinaction.org\/about\/\"]}]},{\"@type\":\"BreadcrumbList\",\"@id\":\"https:\/\/www.socialscienceinaction.org\/about\/#breadcrumb\",\"itemListElement\":[{\"@type\":\"ListItem\",\"position\":1,\"name\":\"Home\",\"item\":\"https:\/\/www.socialscienceinaction.org\/\"},{\"@type\":\"ListItem\",\"position\":2,\"name\":\"About\"}]},{\"@type\":\"WebSite\",\"@id\":\"https:\/\/www.socialscienceinaction.org\/#website\",\"url\":\"https:\/\/www.socialscienceinaction.org\/\",\"name\":\"Social Science in Humanitarian Action Platform\",\"description\":\"A Communication for Development Platform\",\"publisher\":{\"@id\":\"https:\/\/www.socialscienceinaction.org\/#organization\"},\"potentialAction\":[{\"@type\":\"SearchAction\",\"target\":{\"@type\":\"EntryPoint\",\"urlTemplate\":\"https:\/\/www.socialscienceinaction.org\/?s={search_term_string}\"},\"query-input\":{\"@type\":\"PropertyValueSpecification\",\"valueRequired\":true,\"valueName\":\"search_term_string\"}}],\"inLanguage\":\"fr-FR\"},{\"@type\":\"Organization\",\"@id\":\"https:\/\/www.socialscienceinaction.org\/#organization\",\"name\":\"Social Science in Humanitarian Action Platform\",\"url\":\"https:\/\/www.socialscienceinaction.org\/\",\"logo\":{\"@type\":\"ImageObject\",\"inLanguage\":\"fr-FR\",\"@id\":\"https:\/\/www.socialscienceinaction.org\/#\/schema\/logo\/image\/\",\"url\":\"https:\/\/www.socialscienceinaction.org\/wp-content\/uploads\/2020\/06\/SSHAP-logo-dark-stacked@3x.png\",\"contentUrl\":\"https:\/\/www.socialscienceinaction.org\/wp-content\/uploads\/2020\/06\/SSHAP-logo-dark-stacked@3x.png\",\"width\":204,\"height\":74,\"caption\":\"Social Science in Humanitarian Action Platform\"},\"image\":{\"@id\":\"https:\/\/www.socialscienceinaction.org\/#\/schema\/logo\/image\/\"},\"sameAs\":[\"https:\/\/x.com\/SSHAP_action\"]}]}<\/script>\n<!-- \/ Yoast SEO plugin. -->","yoast_head_json":{"title":"\u00c0 propos - Plateforme des sciences sociales dans l&#039;action humanitaire","description":"La Plateforme des sciences sociales dans l&#039;action humanitaire (SSHAP) est un programme de travail ax\u00e9 sur les dimensions sociales des r\u00e9ponses d&#039;urgence. Nous fournissons des preuves sur la demande, le renforcement des capacit\u00e9s et des espaces de r\u00e9seautage sur les urgences li\u00e9es \u00e0 la sant\u00e9, aux conflits ou \u00e0 l&#039;environnement. Nous concentrons nos efforts sur l\u2019exploration de l\u2019\u00e9conomie politique, de l\u2019engagement communautaire et des logiques culturelles, des diff\u00e9rences sociales et des vuln\u00e9rabilit\u00e9s de ces urgences.","robots":{"index":"index","follow":"follow","max-snippet":"max-snippet:-1","max-image-preview":"max-image-preview:large","max-video-preview":"max-video-preview:-1"},"canonical":"https:\/\/www.socialscienceinaction.org\/fr\/a-propos\/","og_locale":"fr_FR","og_type":"article","og_title":"About - Social Science in Humanitarian Action Platform","og_description":"The Social Science in Humanitarian Action Platform (SSHAP) is a programme of work focusing on the social dimensions of emergency responses.We provide evidence on demand, capacity-building, and networking spaces on emergencies that relate to health, conflict or the environment. We focus our efforts on exploring the political economy, community engagement and cultural logics, social difference and vulnerabilities of those emergencies.","og_url":"https:\/\/www.socialscienceinaction.org\/fr\/a-propos\/","og_site_name":"Social Science in Humanitarian Action Platform","article_modified_time":"2025-02-20T16:01:14+00:00","twitter_card":"summary_large_image","twitter_site":"@SSHAP_action","twitter_misc":{"Dur\u00e9e de lecture estim\u00e9e":"2 minutes"},"schema":{"@context":"https:\/\/schema.org","@graph":[{"@type":"WebPage","@id":"https:\/\/www.socialscienceinaction.org\/about\/","url":"https:\/\/www.socialscienceinaction.org\/about\/","name":"\u00c0 propos - Plateforme des sciences sociales dans l&#039;action humanitaire","isPartOf":{"@id":"https:\/\/www.socialscienceinaction.org\/#website"},"datePublished":"2017-01-06T14:20:15+00:00","dateModified":"2025-02-20T16:01:14+00:00","description":"La Plateforme des sciences sociales dans l&#039;action humanitaire (SSHAP) est un programme de travail ax\u00e9 sur les dimensions sociales des r\u00e9ponses d&#039;urgence. Nous fournissons des preuves sur la demande, le renforcement des capacit\u00e9s et des espaces de r\u00e9seautage sur les urgences li\u00e9es \u00e0 la sant\u00e9, aux conflits ou \u00e0 l&#039;environnement. Nous concentrons nos efforts sur l\u2019exploration de l\u2019\u00e9conomie politique, de l\u2019engagement communautaire et des logiques culturelles, des diff\u00e9rences sociales et des vuln\u00e9rabilit\u00e9s de ces urgences.","breadcrumb":{"@id":"https:\/\/www.socialscienceinaction.org\/about\/#breadcrumb"},"inLanguage":"fr-FR","potentialAction":[{"@type":"ReadAction","target":["https:\/\/www.socialscienceinaction.org\/about\/"]}]},{"@type":"BreadcrumbList","@id":"https:\/\/www.socialscienceinaction.org\/about\/#breadcrumb","itemListElement":[{"@type":"ListItem","position":1,"name":"Home","item":"https:\/\/www.socialscienceinaction.org\/"},{"@type":"ListItem","position":2,"name":"About"}]},{"@type":"WebSite","@id":"https:\/\/www.socialscienceinaction.org\/#website","url":"https:\/\/www.socialscienceinaction.org\/","name":"Plateforme des sciences sociales dans l\u2019action humanitaire","description":"Une plateforme de communication pour le d\u00e9veloppement","publisher":{"@id":"https:\/\/www.socialscienceinaction.org\/#organization"},"potentialAction":[{"@type":"SearchAction","target":{"@type":"EntryPoint","urlTemplate":"https:\/\/www.socialscienceinaction.org\/?s={search_term_string}"},"query-input":{"@type":"PropertyValueSpecification","valueRequired":true,"valueName":"search_term_string"}}],"inLanguage":"fr-FR"},{"@type":"Organization","@id":"https:\/\/www.socialscienceinaction.org\/#organization","name":"Plateforme des sciences sociales dans l\u2019action humanitaire","url":"https:\/\/www.socialscienceinaction.org\/","logo":{"@type":"ImageObject","inLanguage":"fr-FR","@id":"https:\/\/www.socialscienceinaction.org\/#\/schema\/logo\/image\/","url":"https:\/\/www.socialscienceinaction.org\/wp-content\/uploads\/2020\/06\/SSHAP-logo-dark-stacked@3x.png","contentUrl":"https:\/\/www.socialscienceinaction.org\/wp-content\/uploads\/2020\/06\/SSHAP-logo-dark-stacked@3x.png","width":204,"height":74,"caption":"Social Science in Humanitarian Action Platform"},"image":{"@id":"https:\/\/www.socialscienceinaction.org\/#\/schema\/logo\/image\/"},"sameAs":["https:\/\/x.com\/SSHAP_action"]}]}},"_links":{"self":[{"href":"https:\/\/www.socialscienceinaction.org\/fr\/wp-json\/wp\/v2\/pages\/4","targetHints":{"allow":["GET"]}}],"collection":[{"href":"https:\/\/www.socialscienceinaction.org\/fr\/wp-json\/wp\/v2\/pages"}],"about":[{"href":"https:\/\/www.socialscienceinaction.org\/fr\/wp-json\/wp\/v2\/types\/page"}],"author":[{"embeddable":true,"href":"https:\/\/www.socialscienceinaction.org\/fr\/wp-json\/wp\/v2\/users\/1"}],"replies":[{"embeddable":true,"href":"https:\/\/www.socialscienceinaction.org\/fr\/wp-json\/wp\/v2\/comments?post=4"}],"version-history":[{"count":0,"href":"https:\/\/www.socialscienceinaction.org\/fr\/wp-json\/wp\/v2\/pages\/4\/revisions"}],"wp:attachment":[{"href":"https:\/\/www.socialscienceinaction.org\/fr\/wp-json\/wp\/v2\/media?parent=4"}],"curies":[{"name":"wp","href":"https:\/\/api.w.org\/{rel}","templated":true}]}}