{"id":4795,"date":"2023-07-03T09:34:02","date_gmt":"2023-07-03T09:34:02","guid":{"rendered":"https:\/\/www.socialscienceinaction.org\/?page_id=4795"},"modified":"2023-07-03T09:34:02","modified_gmt":"2023-07-03T09:34:02","slug":"hub-pour-lafrique-de-louest","status":"publish","type":"page","link":"https:\/\/www.socialscienceinaction.org\/fr\/hub-pour-lafrique-de-louest\/","title":{"rendered":"Hub pour l&#039;Afrique de l&#039;Ouest"},"content":{"rendered":"<p>Le hub pour l&#039;Afrique de l&#039;Ouest rassemble des chercheurs, des intervenants humanitaires et des professionnels de la sant\u00e9 publique qui travaillent principalement au Nigeria, au S\u00e9n\u00e9gal et en Sierra Leone afin d&#039;\u00e9tudier les enjeux sociopolitiques et historiques li\u00e9s aux crises. L&#039;objectif est de renforcer les programmes nationaux et humanitaires visant \u00e0 atteindre les groupes vuln\u00e9rables. Nos travaux sont ax\u00e9s sur les crises actuelles et de longue dur\u00e9e li\u00e9es aux conflits, aux d\u00e9placements forc\u00e9s, \u00e0 l&#039;ins\u00e9curit\u00e9 alimentaire, aux moyens de subsistance, \u00e0 l&#039;environnement, \u00e0 la sant\u00e9 et aux flamb\u00e9es \u00e9pid\u00e9miques.<\/p>","protected":false},"excerpt":{"rendered":"<p>Le hub pour l&#039;Afrique de l&#039;Ouest rassemble des chercheurs, des intervenants humanitaires et des professionnels de la sant\u00e9 publique qui travaillent principalement au Nigeria, au S\u00e9n\u00e9gal et en Sierra Leone afin d&#039;\u00e9tudier les enjeux sociopolitiques et historiques li\u00e9s aux crises. L&#039;objectif est de renforcer les programmes nationaux et humanitaires visant \u00e0 atteindre les groupes vuln\u00e9rables. Nos travaux sont ax\u00e9s sur les crises actuelles et de longue dur\u00e9e li\u00e9es aux conflits, aux d\u00e9placements forc\u00e9s, \u00e0 l&#039;ins\u00e9curit\u00e9 alimentaire, aux moyens de subsistance, \u00e0 l&#039;environnement, \u00e0 la sant\u00e9 et aux flamb\u00e9es \u00e9pid\u00e9miques.<\/p>","protected":false},"author":1,"featured_media":0,"parent":0,"menu_order":0,"comment_status":"closed","ping_status":"closed","template":"hub-translation-template.php","meta":{"_acf_changed":false,"footnotes":""},"class_list":["post-4795","page","type-page","status-publish","hentry"],"acf":[],"yoast_head":"<!-- This site is optimized with the Yoast SEO plugin v27.4 - https:\/\/yoast.com\/product\/yoast-seo-wordpress\/ -->\n<title>Hub pour l\u2019Afrique de l\u2019Ouest - Social Science in Humanitarian Action Platform<\/title>\n<meta name=\"robots\" content=\"index, follow, max-snippet:-1, max-image-preview:large, max-video-preview:-1\" \/>\n<link rel=\"canonical\" href=\"https:\/\/www.socialscienceinaction.org\/fr\/hub-pour-lafrique-de-louest\/\" \/>\n<meta property=\"og:locale\" content=\"fr_FR\" \/>\n<meta property=\"og:type\" content=\"article\" \/>\n<meta property=\"og:title\" content=\"Hub pour l\u2019Afrique de l\u2019Ouest - Social Science in Humanitarian Action Platform\" \/>\n<meta property=\"og:description\" content=\"Le hub pour l\u2019Afrique de l\u2019Ouest rassemble des chercheurs, des intervenants humanitaires et des professionnels de la sant\u00e9 publique qui \u0153uvrent principalement au Nigeria, au S\u00e9n\u00e9gal et en Sierra Leone afin d\u2019\u00e9tudier les enjeux sociopolitiques et historiques li\u00e9s aux crises. L\u2019objectif est de renforcer les programmes nationaux et humanitaires visant \u00e0 atteindre les groupes vuln\u00e9rables. Nos travaux sont ax\u00e9s sur les crises actuelles et de longue dur\u00e9e li\u00e9es aux conflits, aux d\u00e9placements forc\u00e9s, \u00e0 l\u2019ins\u00e9curit\u00e9 alimentaire, aux moyens de subsistance, \u00e0 l\u2019environnement, \u00e0 la sant\u00e9 et aux flamb\u00e9es \u00e9pid\u00e9miques.\" \/>\n<meta property=\"og:url\" content=\"https:\/\/www.socialscienceinaction.org\/fr\/hub-pour-lafrique-de-louest\/\" \/>\n<meta property=\"og:site_name\" content=\"Social Science in Humanitarian Action Platform\" \/>\n<meta name=\"twitter:card\" content=\"summary_large_image\" \/>\n<meta name=\"twitter:site\" content=\"@SSHAP_action\" \/>\n<meta name=\"twitter:label1\" content=\"Dur\u00e9e de lecture estim\u00e9e\" \/>\n\t<meta name=\"twitter:data1\" content=\"1 minute\" \/>\n<script type=\"application\/ld+json\" class=\"yoast-schema-graph\">{\"@context\":\"https:\\\/\\\/schema.org\",\"@graph\":[{\"@type\":\"WebPage\",\"@id\":\"https:\\\/\\\/www.socialscienceinaction.org\\\/hub-pour-lafrique-de-louest\\\/\",\"url\":\"https:\\\/\\\/www.socialscienceinaction.org\\\/hub-pour-lafrique-de-louest\\\/\",\"name\":\"Hub pour l\u2019Afrique de l\u2019Ouest - Social Science in Humanitarian Action Platform\",\"isPartOf\":{\"@id\":\"https:\\\/\\\/www.socialscienceinaction.org\\\/#website\"},\"datePublished\":\"2023-07-03T09:34:02+00:00\",\"breadcrumb\":{\"@id\":\"https:\\\/\\\/www.socialscienceinaction.org\\\/hub-pour-lafrique-de-louest\\\/#breadcrumb\"},\"inLanguage\":\"fr-FR\",\"potentialAction\":[{\"@type\":\"ReadAction\",\"target\":[\"https:\\\/\\\/www.socialscienceinaction.org\\\/hub-pour-lafrique-de-louest\\\/\"]}]},{\"@type\":\"BreadcrumbList\",\"@id\":\"https:\\\/\\\/www.socialscienceinaction.org\\\/hub-pour-lafrique-de-louest\\\/#breadcrumb\",\"itemListElement\":[{\"@type\":\"ListItem\",\"position\":1,\"name\":\"Home\",\"item\":\"https:\\\/\\\/www.socialscienceinaction.org\\\/\"},{\"@type\":\"ListItem\",\"position\":2,\"name\":\"Hub pour l\u2019Afrique de l\u2019Ouest\"}]},{\"@type\":\"WebSite\",\"@id\":\"https:\\\/\\\/www.socialscienceinaction.org\\\/#website\",\"url\":\"https:\\\/\\\/www.socialscienceinaction.org\\\/\",\"name\":\"Social Science in Humanitarian Action Platform\",\"description\":\"A Communication for Development Platform\",\"publisher\":{\"@id\":\"https:\\\/\\\/www.socialscienceinaction.org\\\/#organization\"},\"potentialAction\":[{\"@type\":\"SearchAction\",\"target\":{\"@type\":\"EntryPoint\",\"urlTemplate\":\"https:\\\/\\\/www.socialscienceinaction.org\\\/?s={search_term_string}\"},\"query-input\":{\"@type\":\"PropertyValueSpecification\",\"valueRequired\":true,\"valueName\":\"search_term_string\"}}],\"inLanguage\":\"fr-FR\"},{\"@type\":\"Organization\",\"@id\":\"https:\\\/\\\/www.socialscienceinaction.org\\\/#organization\",\"name\":\"Social Science in Humanitarian Action Platform\",\"url\":\"https:\\\/\\\/www.socialscienceinaction.org\\\/\",\"logo\":{\"@type\":\"ImageObject\",\"inLanguage\":\"fr-FR\",\"@id\":\"https:\\\/\\\/www.socialscienceinaction.org\\\/#\\\/schema\\\/logo\\\/image\\\/\",\"url\":\"https:\\\/\\\/www.socialscienceinaction.org\\\/wp-content\\\/uploads\\\/2020\\\/06\\\/SSHAP-logo-dark-stacked@3x.png\",\"contentUrl\":\"https:\\\/\\\/www.socialscienceinaction.org\\\/wp-content\\\/uploads\\\/2020\\\/06\\\/SSHAP-logo-dark-stacked@3x.png\",\"width\":204,\"height\":74,\"caption\":\"Social Science in Humanitarian Action Platform\"},\"image\":{\"@id\":\"https:\\\/\\\/www.socialscienceinaction.org\\\/#\\\/schema\\\/logo\\\/image\\\/\"},\"sameAs\":[\"https:\\\/\\\/x.com\\\/SSHAP_action\"]}]}<\/script>\n<!-- \/ Yoast SEO plugin. -->","yoast_head_json":{"title":"Hub pour l&#039;Afrique de l&#039;Ouest - Plateforme des sciences sociales dans l&#039;action humanitaire","robots":{"index":"index","follow":"follow","max-snippet":"max-snippet:-1","max-image-preview":"max-image-preview:large","max-video-preview":"max-video-preview:-1"},"canonical":"https:\/\/www.socialscienceinaction.org\/fr\/hub-pour-lafrique-de-louest\/","og_locale":"fr_FR","og_type":"article","og_title":"Hub pour l\u2019Afrique de l\u2019Ouest - Social Science in Humanitarian Action Platform","og_description":"Le hub pour l\u2019Afrique de l\u2019Ouest rassemble des chercheurs, des intervenants humanitaires et des professionnels de la sant\u00e9 publique qui \u0153uvrent principalement au Nigeria, au S\u00e9n\u00e9gal et en Sierra Leone afin d\u2019\u00e9tudier les enjeux sociopolitiques et historiques li\u00e9s aux crises. L\u2019objectif est de renforcer les programmes nationaux et humanitaires visant \u00e0 atteindre les groupes vuln\u00e9rables. Nos travaux sont ax\u00e9s sur les crises actuelles et de longue dur\u00e9e li\u00e9es aux conflits, aux d\u00e9placements forc\u00e9s, \u00e0 l\u2019ins\u00e9curit\u00e9 alimentaire, aux moyens de subsistance, \u00e0 l\u2019environnement, \u00e0 la sant\u00e9 et aux flamb\u00e9es \u00e9pid\u00e9miques.","og_url":"https:\/\/www.socialscienceinaction.org\/fr\/hub-pour-lafrique-de-louest\/","og_site_name":"Social Science in Humanitarian Action Platform","twitter_card":"summary_large_image","twitter_site":"@SSHAP_action","twitter_misc":{"Dur\u00e9e de lecture estim\u00e9e":"1 minute"},"schema":{"@context":"https:\/\/schema.org","@graph":[{"@type":"WebPage","@id":"https:\/\/www.socialscienceinaction.org\/hub-pour-lafrique-de-louest\/","url":"https:\/\/www.socialscienceinaction.org\/hub-pour-lafrique-de-louest\/","name":"Hub pour l&#039;Afrique de l&#039;Ouest - Plateforme des sciences sociales dans l&#039;action humanitaire","isPartOf":{"@id":"https:\/\/www.socialscienceinaction.org\/#website"},"datePublished":"2023-07-03T09:34:02+00:00","breadcrumb":{"@id":"https:\/\/www.socialscienceinaction.org\/hub-pour-lafrique-de-louest\/#breadcrumb"},"inLanguage":"fr-FR","potentialAction":[{"@type":"ReadAction","target":["https:\/\/www.socialscienceinaction.org\/hub-pour-lafrique-de-louest\/"]}]},{"@type":"BreadcrumbList","@id":"https:\/\/www.socialscienceinaction.org\/hub-pour-lafrique-de-louest\/#breadcrumb","itemListElement":[{"@type":"ListItem","position":1,"name":"Home","item":"https:\/\/www.socialscienceinaction.org\/"},{"@type":"ListItem","position":2,"name":"Hub pour l\u2019Afrique de l\u2019Ouest"}]},{"@type":"WebSite","@id":"https:\/\/www.socialscienceinaction.org\/#website","url":"https:\/\/www.socialscienceinaction.org\/","name":"Plateforme des sciences sociales dans l\u2019action humanitaire","description":"Une plateforme de communication pour le d\u00e9veloppement","publisher":{"@id":"https:\/\/www.socialscienceinaction.org\/#organization"},"potentialAction":[{"@type":"SearchAction","target":{"@type":"EntryPoint","urlTemplate":"https:\/\/www.socialscienceinaction.org\/?s={search_term_string}"},"query-input":{"@type":"PropertyValueSpecification","valueRequired":true,"valueName":"search_term_string"}}],"inLanguage":"fr-FR"},{"@type":"Organization","@id":"https:\/\/www.socialscienceinaction.org\/#organization","name":"Plateforme des sciences sociales dans l\u2019action humanitaire","url":"https:\/\/www.socialscienceinaction.org\/","logo":{"@type":"ImageObject","inLanguage":"fr-FR","@id":"https:\/\/www.socialscienceinaction.org\/#\/schema\/logo\/image\/","url":"https:\/\/www.socialscienceinaction.org\/wp-content\/uploads\/2020\/06\/SSHAP-logo-dark-stacked@3x.png","contentUrl":"https:\/\/www.socialscienceinaction.org\/wp-content\/uploads\/2020\/06\/SSHAP-logo-dark-stacked@3x.png","width":204,"height":74,"caption":"Social Science in Humanitarian Action Platform"},"image":{"@id":"https:\/\/www.socialscienceinaction.org\/#\/schema\/logo\/image\/"},"sameAs":["https:\/\/x.com\/SSHAP_action"]}]}},"_links":{"self":[{"href":"https:\/\/www.socialscienceinaction.org\/fr\/wp-json\/wp\/v2\/pages\/4795","targetHints":{"allow":["GET"]}}],"collection":[{"href":"https:\/\/www.socialscienceinaction.org\/fr\/wp-json\/wp\/v2\/pages"}],"about":[{"href":"https:\/\/www.socialscienceinaction.org\/fr\/wp-json\/wp\/v2\/types\/page"}],"author":[{"embeddable":true,"href":"https:\/\/www.socialscienceinaction.org\/fr\/wp-json\/wp\/v2\/users\/1"}],"replies":[{"embeddable":true,"href":"https:\/\/www.socialscienceinaction.org\/fr\/wp-json\/wp\/v2\/comments?post=4795"}],"version-history":[{"count":0,"href":"https:\/\/www.socialscienceinaction.org\/fr\/wp-json\/wp\/v2\/pages\/4795\/revisions"}],"wp:attachment":[{"href":"https:\/\/www.socialscienceinaction.org\/fr\/wp-json\/wp\/v2\/media?parent=4795"}],"curies":[{"name":"wp","href":"https:\/\/api.w.org\/{rel}","templated":true}]}}